{"id":81,"date":"2025-07-11T14:34:15","date_gmt":"2025-07-11T12:34:15","guid":{"rendered":"https:\/\/mamtajhariaart.com\/?page_id=81"},"modified":"2025-07-18T18:36:51","modified_gmt":"2025-07-18T16:36:51","slug":"about","status":"publish","type":"page","link":"https:\/\/mamtajhariaart.com\/it\/about\/","title":{"rendered":"A proposito di"},"content":{"rendered":"<div data-elementor-type=\"wp-page\" data-elementor-id=\"81\" class=\"elementor elementor-81\">\n\t\t\t\t<div class=\"elementor-element elementor-element-eed9de4 e-flex e-con-boxed e-con e-parent\" data-id=\"eed9de4\" data-element_type=\"container\" data-e-type=\"container\">\n\t\t\t\t\t<div class=\"e-con-inner\">\n\t\t\t\t<div class=\"elementor-element elementor-element-3ed6d6d elementor-widget elementor-widget-heading\" data-id=\"3ed6d6d\" data-element_type=\"widget\" data-e-type=\"widget\" data-widget_type=\"heading.default\">\n\t\t\t\t<div class=\"elementor-widget-container\">\n\t\t\t\t\t<h2 class=\"elementor-heading-title elementor-size-default\">Informazioni sull'artista<\/h2>\t\t\t\t<\/div>\n\t\t\t\t<\/div>\n\t\t\t\t\t<\/div>\n\t\t\t\t<\/div>\n\t\t<div class=\"elementor-element elementor-element-5f85321 e-grid e-con-boxed e-con e-parent\" data-id=\"5f85321\" data-element_type=\"container\" data-e-type=\"container\">\n\t\t\t\t\t<div class=\"e-con-inner\">\n\t\t\t\t<div class=\"elementor-element elementor-element-8c21347 elementor-widget elementor-widget-image\" data-id=\"8c21347\" data-element_type=\"widget\" data-e-type=\"widget\" data-widget_type=\"image.default\">\n\t\t\t\t<div class=\"elementor-widget-container\">\n\t\t\t\t\t\t\t\t\t\t\t\t\t\t\t<img fetchpriority=\"high\" decoding=\"async\" width=\"1068\" height=\"868\" src=\"https:\/\/mamtajhariaart.com\/wp-content\/uploads\/2025\/07\/a43d827d-9cd7-4f68-9cc4-f470f7dd0dd2-Copy.png\" class=\"attachment-full size-full wp-image-87\" alt=\"\" srcset=\"https:\/\/mamtajhariaart.com\/wp-content\/uploads\/2025\/07\/a43d827d-9cd7-4f68-9cc4-f470f7dd0dd2-Copy.png 1068w, https:\/\/mamtajhariaart.com\/wp-content\/uploads\/2025\/07\/a43d827d-9cd7-4f68-9cc4-f470f7dd0dd2-Copy-300x244.png 300w, https:\/\/mamtajhariaart.com\/wp-content\/uploads\/2025\/07\/a43d827d-9cd7-4f68-9cc4-f470f7dd0dd2-Copy-1024x832.png 1024w, https:\/\/mamtajhariaart.com\/wp-content\/uploads\/2025\/07\/a43d827d-9cd7-4f68-9cc4-f470f7dd0dd2-Copy-768x624.png 768w, https:\/\/mamtajhariaart.com\/wp-content\/uploads\/2025\/07\/a43d827d-9cd7-4f68-9cc4-f470f7dd0dd2-Copy-15x12.png 15w, https:\/\/mamtajhariaart.com\/wp-content\/uploads\/2025\/07\/a43d827d-9cd7-4f68-9cc4-f470f7dd0dd2-Copy-600x488.png 600w\" sizes=\"(max-width: 1068px) 100vw, 1068px\" \/>\t\t\t\t\t\t\t\t\t\t\t\t\t\t\t<\/div>\n\t\t\t\t<\/div>\n\t\t\t\t<div class=\"elementor-element elementor-element-8e94c3e elementor-widget elementor-widget-text-editor\" data-id=\"8e94c3e\" data-element_type=\"widget\" data-e-type=\"widget\" data-widget_type=\"text-editor.default\">\n\t\t\t\t<div class=\"elementor-widget-container\">\n\t\t\t\t\t\t\t\t\t<p><strong>Mamta Jharia<\/strong><\/p><p>Mamta Jharia \u00e8 un'artista astratta autodidatta nota per le sue composizioni audaci ed emotivamente cariche che celebrano il potere del colore, della texture e del movimento. Nata e cresciuta in India e ora residente in Italia, la voce artistica di Mamta \u00e8 plasmata da un ricco patrimonio culturale e da un viaggio profondamente personale di esplorazione creativa.<\/p><p>Il suo passaggio al mondo dell'arte \u00e8 avvenuto dopo una carriera di successo come ingegnere navale, una professione che le ha insegnato la disciplina, la struttura e la precisione. Scegliendo di seguire la sua vera passione, Mamta si \u00e8 dedicata completamente alla pittura, sviluppando il suo stile unico attraverso l'autoapprendimento, la sperimentazione e l'impavida volont\u00e0 di evolversi.<\/p>\t\t\t\t\t\t\t\t<\/div>\n\t\t\t\t<\/div>\n\t\t\t\t\t<\/div>\n\t\t\t\t<\/div>\n\t\t<div class=\"elementor-element elementor-element-9908662 e-flex e-con-boxed e-con e-parent\" data-id=\"9908662\" data-element_type=\"container\" data-e-type=\"container\">\n\t\t\t\t\t<div class=\"e-con-inner\">\n\t\t\t\t<div class=\"elementor-element elementor-element-c1bb658 elementor-widget elementor-widget-text-editor\" data-id=\"c1bb658\" data-element_type=\"widget\" data-e-type=\"widget\" data-widget_type=\"text-editor.default\">\n\t\t\t\t<div class=\"elementor-widget-container\">\n\t\t\t\t\t\t\t\t\t<p>Mamta lavora principalmente con <strong>colori acrilici e ad olio<\/strong>creando opere vibranti e stratificate che riflettono sia la spontaneit\u00e0 che l'intenzione. I suoi dipinti sono definiti da tonalit\u00e0 luminose, pennellate espressive e un uso dinamico della forma e della texture. Spesso costruisce la profondit\u00e0 attraverso strati multipli di pittura, smalti e mezzi strutturati, consentendo a ogni pezzo di avere una risonanza emotiva e un intrigo visivo.<\/p><p>Il suo processo creativo \u00e8 intuitivo ed emotivo, guidato pi\u00f9 dalle sensazioni che dalla forma. Ogni tela \u00e8 un invito a fermarsi, a riflettere e a impegnarsi con il non detto. Piuttosto che raffigurare realt\u00e0 esterne, l'arte di Mamta cerca di esprimere paesaggi interiori, memoria, energia ed emozione.<\/p><p>Come artista autodidatta, Mamta trae ispirazione dal mondo che la circonda e che \u00e8 dentro di lei. I suoi lavori sono stati riconosciuti e collezionati dagli amanti dell'arte e dai collezionisti di tutto il mondo, ammirati per la loro onest\u00e0, vivacit\u00e0 e impatto visivo.<\/p><p>Oggi, con sede in Italia, continua ad esplorare ed espandere la sua pratica, creando opere d'arte che parlano un linguaggio universale di colore, profondit\u00e0 e scoperta emotiva.<\/p>\t\t\t\t\t\t\t\t<\/div>\n\t\t\t\t<\/div>\n\t\t\t\t<div class=\"elementor-element elementor-element-179c4e8 elementor-widget elementor-widget-spacer\" data-id=\"179c4e8\" data-element_type=\"widget\" data-e-type=\"widget\" data-widget_type=\"spacer.default\">\n\t\t\t\t<div class=\"elementor-widget-container\">\n\t\t\t\t\t\t\t<div class=\"elementor-spacer\">\n\t\t\t<div class=\"elementor-spacer-inner\"><\/div>\n\t\t<\/div>\n\t\t\t\t\t\t<\/div>\n\t\t\t\t<\/div>\n\t\t\t\t<div class=\"elementor-element elementor-element-63a18ae elementor-widget elementor-widget-heading\" data-id=\"63a18ae\" data-element_type=\"widget\" data-e-type=\"widget\" data-widget_type=\"heading.default\">\n\t\t\t\t<div class=\"elementor-widget-container\">\n\t\t\t\t\t<h2 class=\"elementor-heading-title elementor-size-default\">Dichiarazione dell'artista<\/h2>\t\t\t\t<\/div>\n\t\t\t\t<\/div>\n\t\t\t\t<div class=\"elementor-element elementor-element-67db043 elementor-widget elementor-widget-text-editor\" data-id=\"67db043\" data-element_type=\"widget\" data-e-type=\"widget\" data-widget_type=\"text-editor.default\">\n\t\t\t\t<div class=\"elementor-widget-container\">\n\t\t\t\t\t\t\t\t\t<p>Come artista astratta, creo da un luogo in cui il sentimento guida e la forma segue. I miei dipinti sono esplorazioni di energia, colore ed emozione, espressioni visive di ci\u00f2 che non pu\u00f2 essere espresso a parole. Attraverso l'uso di tonalit\u00e0 audaci, texture stratificate e movimento dinamico, mi propongo di evocare un senso di profondit\u00e0, curiosit\u00e0 e connessione.<\/p><p>Nata e cresciuta in India e ora residente in Italia, il mio lavoro \u00e8 profondamente influenzato dai contrasti culturali e dalle transizioni che ho vissuto. Sebbene abbia iniziato la mia carriera come ingegnere navale, la mia passione per l'arte mi ha portato a percorrere un'altra strada, quella della libert\u00e0 creativa e della scoperta. In qualit\u00e0 di artista autodidatta, il mio processo \u00e8 sempre stato intuitivo, plasmato dalla sperimentazione e dal desiderio di esprimere qualcosa di onesto e personale.<\/p><p>Lavoro principalmente con colori ad olio e acrilici, spesso costruendo le mie tele attraverso strati multipli che rivelano tracce di ci\u00f2 che \u00e8 venuto prima. Questa stratificazione riflette la complessit\u00e0 dell'esperienza umana: il visibile e il nascosto, il risolto e l'incompiuto. Non cerco di replicare il mondo esterno, ma di riflettere i paesaggi interiori: ricordi, sensazioni e momenti di chiarezza emotiva.<\/p><p>Il mio obiettivo non \u00e8 spiegare l'opera, ma offrire uno spazio aperto, dove ogni spettatore porta la propria storia, interpretazione e sensazione. Se i miei dipinti suscitano qualcosa all'interno - che si tratti di conforto, energia o riflessione tranquilla - allora l'opera ha fatto ci\u00f2 che doveva fare.<\/p><p>L'arte, per me, \u00e8 un dialogo senza parole. Uno spazio dove l'intuizione incontra l'immaginazione e dove sia l'artista che lo spettatore possono sentirsi visti.<\/p>\t\t\t\t\t\t\t\t<\/div>\n\t\t\t\t<\/div>\n\t\t\t\t<div class=\"elementor-element elementor-element-fe6b859 elementor-arrows-position-inside elementor-pagination-position-outside elementor-widget elementor-widget-image-carousel\" data-id=\"fe6b859\" data-element_type=\"widget\" data-e-type=\"widget\" data-settings=\"{&quot;slides_to_show&quot;:&quot;1&quot;,&quot;navigation&quot;:&quot;both&quot;,&quot;autoplay&quot;:&quot;yes&quot;,&quot;pause_on_hover&quot;:&quot;yes&quot;,&quot;pause_on_interaction&quot;:&quot;yes&quot;,&quot;autoplay_speed&quot;:5000,&quot;infinite&quot;:&quot;yes&quot;,&quot;effect&quot;:&quot;slide&quot;,&quot;speed&quot;:500}\" data-widget_type=\"image-carousel.default\">\n\t\t\t\t<div class=\"elementor-widget-container\">\n\t\t\t\t\t\t\t<div class=\"elementor-image-carousel-wrapper swiper\" role=\"region\" aria-roledescription=\"carousel\" aria-label=\"Carosello di immagini\" dir=\"ltr\">\n\t\t\t<div class=\"elementor-image-carousel swiper-wrapper\" aria-live=\"off\">\n\t\t\t\t\t\t\t\t<div class=\"swiper-slide\" role=\"group\" aria-roledescription=\"slide\" aria-label=\"1 di 3\"><figure class=\"swiper-slide-inner\"><img decoding=\"async\" class=\"swiper-slide-image lazyload\" data-src=\"https:\/\/mamtajhariaart.com\/wp-content\/uploads\/2025\/07\/f88a9935-6b57-45b0-bdb0-1b1b02cff8f4-scaled.png\" alt=\"f88a9935-6b57-45b0-bdb0-1b1b02cff8f4\" src=\"data:image\/svg+xml;base64,PHN2ZyB3aWR0aD0iMSIgaGVpZ2h0PSIxIiB4bWxucz0iaHR0cDovL3d3dy53My5vcmcvMjAwMC9zdmciPjwvc3ZnPg==\" style=\"--smush-placeholder-width: 2075px; --smush-placeholder-aspect-ratio: 2075\/2560;\" \/><\/figure><\/div><div class=\"swiper-slide\" role=\"group\" aria-roledescription=\"slide\" aria-label=\"2 di 3\"><figure class=\"swiper-slide-inner\"><img decoding=\"async\" class=\"swiper-slide-image lazyload\" data-src=\"https:\/\/mamtajhariaart.com\/wp-content\/uploads\/2025\/07\/4f2379b8-3ce9-4191-867c-3cf42a4bf563.png\" alt=\"4f2379b8-3ce9-4191-867c-3cf42a4bf563\" src=\"data:image\/svg+xml;base64,PHN2ZyB3aWR0aD0iMSIgaGVpZ2h0PSIxIiB4bWxucz0iaHR0cDovL3d3dy53My5vcmcvMjAwMC9zdmciPjwvc3ZnPg==\" style=\"--smush-placeholder-width: 1416px; --smush-placeholder-aspect-ratio: 1416\/1539;\" \/><\/figure><\/div><div class=\"swiper-slide\" role=\"group\" aria-roledescription=\"slide\" aria-label=\"3 di 3\"><figure class=\"swiper-slide-inner\"><img decoding=\"async\" class=\"swiper-slide-image lazyload\" data-src=\"https:\/\/mamtajhariaart.com\/wp-content\/uploads\/2025\/07\/Untitled-design-20.png\" alt=\"Untitled design (20)\" src=\"data:image\/svg+xml;base64,PHN2ZyB3aWR0aD0iMSIgaGVpZ2h0PSIxIiB4bWxucz0iaHR0cDovL3d3dy53My5vcmcvMjAwMC9zdmciPjwvc3ZnPg==\" style=\"--smush-placeholder-width: 1068px; --smush-placeholder-aspect-ratio: 1068\/1736;\" \/><\/figure><\/div>\t\t\t<\/div>\n\t\t\t\t\t\t\t\t\t\t\t\t<div class=\"elementor-swiper-button elementor-swiper-button-prev\" role=\"button\" tabindex=\"0\">\n\t\t\t\t\t\t<svg aria-hidden=\"true\" class=\"e-font-icon-svg e-eicon-chevron-left\" viewbox=\"0 0 1000 1000\" xmlns=\"http:\/\/www.w3.org\/2000\/svg\"><path d=\"M646 125C629 125 613 133 604 142L308 442C296 454 292 471 292 487 292 504 296 521 308 533L604 854C617 867 629 875 646 875 663 875 679 871 692 858 704 846 713 829 713 812 713 796 708 779 692 767L438 487 692 225C700 217 708 204 708 187 708 171 704 154 692 142 675 129 663 125 646 125Z\"><\/path><\/svg>\t\t\t\t\t<\/div>\n\t\t\t\t\t<div class=\"elementor-swiper-button elementor-swiper-button-next\" role=\"button\" tabindex=\"0\">\n\t\t\t\t\t\t<svg aria-hidden=\"true\" class=\"e-font-icon-svg e-eicon-chevron-right\" viewbox=\"0 0 1000 1000\" xmlns=\"http:\/\/www.w3.org\/2000\/svg\"><path d=\"M696 533C708 521 713 504 713 487 713 471 708 454 696 446L400 146C388 133 375 125 354 125 338 125 325 129 313 142 300 154 292 171 292 187 292 204 296 221 308 233L563 492 304 771C292 783 288 800 288 817 288 833 296 850 308 863 321 871 338 875 354 875 371 875 388 867 400 854L696 533Z\"><\/path><\/svg>\t\t\t\t\t<\/div>\n\t\t\t\t\n\t\t\t\t\t\t\t\t\t<div class=\"swiper-pagination\"><\/div>\n\t\t\t\t\t\t\t\t\t<\/div>\n\t\t\t\t\t\t<\/div>\n\t\t\t\t<\/div>\n\t\t\t\t\t<\/div>\n\t\t\t\t<\/div>\n\t\t\t\t<\/div>","protected":false},"excerpt":{"rendered":"<p>About the Artist Mamta Jharia Mamta Jharia is a self-taught abstract artist known for her bold, emotionally charged compositions that&#8230;<\/p>","protected":false},"author":1,"featured_media":0,"parent":0,"menu_order":0,"comment_status":"closed","ping_status":"closed","template":"","meta":{"footnotes":""},"class_list":["post-81","page","type-page","status-publish","hentry"],"_links":{"self":[{"href":"https:\/\/mamtajhariaart.com\/it\/wp-json\/wp\/v2\/pages\/81","targetHints":{"allow":["GET"]}}],"collection":[{"href":"https:\/\/mamtajhariaart.com\/it\/wp-json\/wp\/v2\/pages"}],"about":[{"href":"https:\/\/mamtajhariaart.com\/it\/wp-json\/wp\/v2\/types\/page"}],"author":[{"embeddable":true,"href":"https:\/\/mamtajhariaart.com\/it\/wp-json\/wp\/v2\/users\/1"}],"replies":[{"embeddable":true,"href":"https:\/\/mamtajhariaart.com\/it\/wp-json\/wp\/v2\/comments?post=81"}],"version-history":[{"count":28,"href":"https:\/\/mamtajhariaart.com\/it\/wp-json\/wp\/v2\/pages\/81\/revisions"}],"predecessor-version":[{"id":344,"href":"https:\/\/mamtajhariaart.com\/it\/wp-json\/wp\/v2\/pages\/81\/revisions\/344"}],"wp:attachment":[{"href":"https:\/\/mamtajhariaart.com\/it\/wp-json\/wp\/v2\/media?parent=81"}],"curies":[{"name":"wp","href":"https:\/\/api.w.org\/{rel}","templated":true}]}}