{"id":10945,"date":"2025-08-22T15:18:56","date_gmt":"2025-08-22T13:18:56","guid":{"rendered":"https:\/\/mamtajhariaart.com\/product\/abstract-faces-art-pillow-luxury-designer-cushion-bold-modern-expressionist-home-decor\/"},"modified":"2026-03-04T23:38:19","modified_gmt":"2026-03-04T22:38:19","slug":"abstract-faces-art-pillow-luxury-designer-cushion-bold-modern-expressionist-home-decor","status":"publish","type":"product","link":"https:\/\/mamtajhariaart.com\/it\/prodotto\/abstract-faces-art-pillow-luxury-designer-cushion-bold-modern-expressionist-home-decor\/","title":{"rendered":"Cuscino d'arte con facce astratte - Cuscino di lusso di design - Espressionismo moderno e audace per la casa"},"content":{"rendered":"<p>Porti una dichiarazione artistica nella sua casa con questo cuscino artistico Abstract Faces di MJ Art &amp; Fashion. Caratterizzato da occhi potenti, linee decise e un mix vibrante di oro, turchese e arancione, questo pezzo incanala lo spirito dell'espressionismo moderno. Pi\u00f9 che un cuscino, \u00e8 un accento da collezione che trasforma il suo divano o il suo letto in uno spazio artistico curato.<\/p>\n<p>\u2728 Dettagli e caratteristiche<\/p>\n<p>Custodia in poliestere premium con un tocco morbido, simile al lino<\/p>\n<p>Stampa all-over ad alta definizione con colori resistenti allo sbiadimento.<\/p>\n<p>Discreta cerniera nascosta per una finitura pulita e moderna<\/p>\n<p>Disponibile nei formati 18\u00d718\", 20\u00d712\" e 22\u00d722\".<\/p>\n<p>Perfetto per i collezionisti di arte astratta e per gli amanti degli interni audaci e moderni.<\/p>\n<p>Questo cuscino non \u00e8 solo un arredo per la casa: \u00e8 un'arte da indossare per il suo spazio vitale, dove ogni sguardo sembra una visita alla galleria.<br \/>\nVuole aggiungere un tocco di colore alla sua casa? Questo cuscino al tatto di qualit\u00e0 superiore con un inserto che mantiene la forma \u00e8 proprio quello che sta cercando! Render\u00e0 lussuosa qualsiasi stanza e fornir\u00e0 la scusa perfetta per un rapido pisolino.<\/p>\n<p>- Custodia in poliestere 100%<br \/>\n- Peso del tessuto: 8,1 oz\/yd\u00b2 (275 g\/m\u00b2)<br \/>\n- Tessuto con sensazione di lino<br \/>\n- Cerniera nascosta<br \/>\n- Custodia lavabile in lavatrice<br \/>\n- Inserto in poliestere 100%, che mantiene la forma, incluso (solo lavaggio a mano).<br \/>\n- I componenti dei prodotti vuoti in Messico provengono dalla Cina e dal Messico.<br \/>\n- I componenti dei prodotti vuoti nell'UE provengono da Cina e Polonia.<\/p>\n<p>Restrizioni di et\u00e0: Per gli adulti<br \/>\nGaranzia UE: 2 anni<br \/>\nAltre informazioni sulla conformit\u00e0: Soddisfa i requisiti dei livelli di formaldeide, coloranti azoici, piombo, cadmio e bisfenoli.<\/p>\n<p>In conformit\u00e0 con il Regolamento Generale sulla Sicurezza dei Prodotti (GPSR), <b>MAMTA JHARIA ARTE<\/b> garantisce che tutti i prodotti di consumo offerti siano sicuri e conformi agli standard dell'UE. Per qualsiasi richiesta o dubbio relativo alla sicurezza dei prodotti, la invitiamo a contattarci a <b>infomamtajhariaart@gmail.com<\/b> oppure ci scriva <b>Via Nino Arcidiacono Riposto Italia.<b \/><\/p>","protected":false},"excerpt":{"rendered":"<p>Bring an artistic statement into your home with this Abstract Faces Art Pillow from MJ Art &amp; Fashion. Featuring powerful&#8230;<\/p>","protected":false},"featured_media":10949,"comment_status":"open","ping_status":"closed","template":"","meta":[],"product_brand":[],"product_cat":[464,398,456,390,457],"product_tag":[],"class_list":{"0":"post-10945","1":"product","2":"type-product","3":"status-publish","4":"has-post-thumbnail","6":"product_cat-gifts","7":"product_cat-artistic-gifts-for-art-lovers","8":"product_cat-home-decor","9":"product_cat-decorative-pillow-covers-with-art","10":"product_cat-pillows-covers","11":"pa_size-18x18","12":"pa_size-20x12","13":"pa_size-22x22","15":"first","16":"instock","17":"taxable","18":"shipping-taxable","19":"purchasable","20":"product-type-variable"},"_links":{"self":[{"href":"https:\/\/mamtajhariaart.com\/it\/wp-json\/wp\/v2\/product\/10945","targetHints":{"allow":["GET"]}}],"collection":[{"href":"https:\/\/mamtajhariaart.com\/it\/wp-json\/wp\/v2\/product"}],"about":[{"href":"https:\/\/mamtajhariaart.com\/it\/wp-json\/wp\/v2\/types\/product"}],"replies":[{"embeddable":true,"href":"https:\/\/mamtajhariaart.com\/it\/wp-json\/wp\/v2\/comments?post=10945"}],"wp:featuredmedia":[{"embeddable":true,"href":"https:\/\/mamtajhariaart.com\/it\/wp-json\/wp\/v2\/media\/10949"}],"wp:attachment":[{"href":"https:\/\/mamtajhariaart.com\/it\/wp-json\/wp\/v2\/media?parent=10945"}],"wp:term":[{"taxonomy":"product_brand","embeddable":true,"href":"https:\/\/mamtajhariaart.com\/it\/wp-json\/wp\/v2\/product_brand?post=10945"},{"taxonomy":"product_cat","embeddable":true,"href":"https:\/\/mamtajhariaart.com\/it\/wp-json\/wp\/v2\/product_cat?post=10945"},{"taxonomy":"product_tag","embeddable":true,"href":"https:\/\/mamtajhariaart.com\/it\/wp-json\/wp\/v2\/product_tag?post=10945"}],"curies":[{"name":"wp","href":"https:\/\/api.w.org\/{rel}","templated":true}]}}