{"id":11023,"date":"2025-08-22T15:30:08","date_gmt":"2025-08-22T13:30:08","guid":{"rendered":"https:\/\/mamtajhariaart.com\/product\/premium-pillow\/"},"modified":"2026-03-04T23:38:19","modified_gmt":"2026-03-04T22:38:19","slug":"premium-pillow","status":"publish","type":"product","link":"https:\/\/mamtajhariaart.com\/it\/prodotto\/premium-pillow\/","title":{"rendered":"Cuscino Premium"},"content":{"rendered":"<p>Vuole aggiungere un tocco di colore alla sua casa? Questo cuscino al tatto di qualit\u00e0 superiore con un inserto che mantiene la forma \u00e8 proprio quello che sta cercando! Render\u00e0 lussuosa qualsiasi stanza e fornir\u00e0 la scusa perfetta per un rapido pisolino.<\/p>\n<p>- Custodia in poliestere 100%<br \/>\n- Peso del tessuto: 8,1 oz\/yd\u00b2 (275 g\/m\u00b2)<br \/>\n- Tessuto con sensazione di lino<br \/>\n- Cerniera nascosta<br \/>\n- Custodia lavabile in lavatrice<br \/>\n- Inserto in poliestere 100%, che mantiene la forma, incluso (solo lavaggio a mano).<br \/>\n- I componenti dei prodotti vuoti in Messico provengono dalla Cina e dal Messico.<br \/>\n- I componenti dei prodotti vuoti nell'UE provengono da Cina e Polonia.<\/p>\n<p>Restrizioni di et\u00e0: Per gli adulti<br \/>\nGaranzia UE: 2 anni<br \/>\nAltre informazioni sulla conformit\u00e0: Soddisfa i requisiti dei livelli di formaldeide, coloranti azoici, piombo, cadmio e bisfenoli.<\/p>\n<p>In conformit\u00e0 con il Regolamento Generale sulla Sicurezza dei Prodotti (GPSR), <b>MAMTA JHARIA ARTE<\/b> garantisce che tutti i prodotti di consumo offerti siano sicuri e conformi agli standard dell'UE. Per qualsiasi richiesta o dubbio relativo alla sicurezza dei prodotti, la invitiamo a contattarci a <b>infomamtajhariaart@gmail.com<\/b> oppure ci scriva <b>Via Nino Arcidiacono Riposto Italia.<b \/><\/p>","protected":false},"excerpt":{"rendered":"<p>Want to add a splash of color to your home? This premium feel pillow with a shape-retaining insert is just&#8230;<\/p>","protected":false},"featured_media":11027,"comment_status":"open","ping_status":"closed","template":"","meta":[],"product_brand":[],"product_cat":[464,398,456,390,457],"product_tag":[],"class_list":{"0":"post-11023","1":"product","2":"type-product","3":"status-publish","4":"has-post-thumbnail","6":"product_cat-gifts","7":"product_cat-artistic-gifts-for-art-lovers","8":"product_cat-home-decor","9":"product_cat-decorative-pillow-covers-with-art","10":"product_cat-pillows-covers","11":"pa_size-18x18","12":"pa_size-20x12","13":"pa_size-22x22","15":"first","16":"instock","17":"taxable","18":"shipping-taxable","19":"purchasable","20":"product-type-variable"},"_links":{"self":[{"href":"https:\/\/mamtajhariaart.com\/it\/wp-json\/wp\/v2\/product\/11023","targetHints":{"allow":["GET"]}}],"collection":[{"href":"https:\/\/mamtajhariaart.com\/it\/wp-json\/wp\/v2\/product"}],"about":[{"href":"https:\/\/mamtajhariaart.com\/it\/wp-json\/wp\/v2\/types\/product"}],"replies":[{"embeddable":true,"href":"https:\/\/mamtajhariaart.com\/it\/wp-json\/wp\/v2\/comments?post=11023"}],"wp:featuredmedia":[{"embeddable":true,"href":"https:\/\/mamtajhariaart.com\/it\/wp-json\/wp\/v2\/media\/11027"}],"wp:attachment":[{"href":"https:\/\/mamtajhariaart.com\/it\/wp-json\/wp\/v2\/media?parent=11023"}],"wp:term":[{"taxonomy":"product_brand","embeddable":true,"href":"https:\/\/mamtajhariaart.com\/it\/wp-json\/wp\/v2\/product_brand?post=11023"},{"taxonomy":"product_cat","embeddable":true,"href":"https:\/\/mamtajhariaart.com\/it\/wp-json\/wp\/v2\/product_cat?post=11023"},{"taxonomy":"product_tag","embeddable":true,"href":"https:\/\/mamtajhariaart.com\/it\/wp-json\/wp\/v2\/product_tag?post=11023"}],"curies":[{"name":"wp","href":"https:\/\/api.w.org\/{rel}","templated":true}]}}