{"id":11062,"date":"2025-08-22T15:35:47","date_gmt":"2025-08-22T13:35:47","guid":{"rendered":"https:\/\/mamtajhariaart.com\/product\/golden-abstract-art-pillow-luxury-designer-cushion-bold-modern-geometric-home-decor\/"},"modified":"2026-03-04T23:38:18","modified_gmt":"2026-03-04T22:38:18","slug":"golden-abstract-art-pillow-luxury-designer-cushion-bold-modern-geometric-home-decor","status":"publish","type":"product","link":"https:\/\/mamtajhariaart.com\/it\/prodotto\/golden-abstract-art-pillow-luxury-designer-cushion-bold-modern-geometric-home-decor\/","title":{"rendered":"Cuscino d'oro d'arte astratta - Cuscino di lusso di design - Arredamento moderno e audace di casa geometrica"},"content":{"rendered":"<p>Porti l'eleganza contemporanea nel suo spazio abitativo con questo cuscino Golden Abstract Art di MJ Art &amp; Fashion. Caratterizzato da sorprendenti blocchi geometrici gialli stratificati con espressivi dettagli astratti rossi, blu e neri, questo cuscino sembra un pezzo da galleria reimmaginato per la sua casa. Non \u00e8 solo arredamento, \u00e8 arte moderna con cui pu\u00f2 vivere.<\/p>\n<p>\u2728 Dettagli e caratteristiche<\/p>\n<p>Custodia in poliestere premium con una texture liscia, simile al lino<\/p>\n<p>Stampa all-over di alta qualit\u00e0 con colori vivaci e resistenti allo sbiadimento.<\/p>\n<p>Cerniera nascosta per una finitura elegante<\/p>\n<p>Disponibile nei formati 18\u00d718\", 20\u00d712\" e 22\u00d722\".<\/p>\n<p>Perfetto per gli interni moderni, gli studi creativi e gli amanti dell'arte.<\/p>\n<p>Trasforma la vita quotidiana in un'esperienza artistica: questo cuscino aggiunge un tocco di lusso, originalit\u00e0 e design audace a qualsiasi stanza.<br \/>\nVuole aggiungere un tocco di colore alla sua casa? Questo cuscino al tatto di qualit\u00e0 superiore con un inserto che mantiene la forma \u00e8 proprio quello che sta cercando! Render\u00e0 lussuosa qualsiasi stanza e fornir\u00e0 la scusa perfetta per un rapido pisolino.<\/p>\n<p>- Custodia in poliestere 100%<br \/>\n- Peso del tessuto: 8,1 oz\/yd\u00b2 (275 g\/m\u00b2)<br \/>\n- Tessuto con sensazione di lino<br \/>\n- Cerniera nascosta<br \/>\n- Custodia lavabile in lavatrice<br \/>\n- Inserto in poliestere 100%, che mantiene la forma, incluso (solo lavaggio a mano).<br \/>\n- I componenti dei prodotti vuoti in Messico provengono dal Messico.<br \/>\n- Componenti di prodotti vuoti nell'UE provenienti dalla Polonia<\/p>\n<p>Restrizioni di et\u00e0: Per gli adulti<br \/>\nGaranzia UE: 2 anni<br \/>\nAltre informazioni sulla conformit\u00e0: Soddisfa i requisiti dei livelli di formaldeide, coloranti azoici, piombo, cadmio e bisfenoli.<\/p>\n<p>In conformit\u00e0 con il Regolamento Generale sulla Sicurezza dei Prodotti (GPSR), <b>MAMTA JHARIA ARTE<\/b> garantisce che tutti i prodotti di consumo offerti siano sicuri e conformi agli standard dell'UE. Per qualsiasi richiesta o dubbio relativo alla sicurezza dei prodotti, la invitiamo a contattarci a <b>infomamtajhariaart@gmail.com<\/b> oppure ci scriva <b>Via Nino Arcidiacono Riposto Italia.<b \/><\/p>","protected":false},"excerpt":{"rendered":"<p>Bring contemporary elegance into your living space with this Golden Abstract Art Pillow from MJ Art &amp; Fashion. Featuring striking&#8230;<\/p>","protected":false},"featured_media":11066,"comment_status":"open","ping_status":"closed","template":"","meta":[],"product_brand":[],"product_cat":[464,398,456,390,457],"product_tag":[],"class_list":{"0":"post-11062","1":"product","2":"type-product","3":"status-publish","4":"has-post-thumbnail","6":"product_cat-gifts","7":"product_cat-artistic-gifts-for-art-lovers","8":"product_cat-home-decor","9":"product_cat-decorative-pillow-covers-with-art","10":"product_cat-pillows-covers","11":"pa_size-18x18","12":"pa_size-20x12","13":"pa_size-22x22","15":"first","16":"instock","17":"taxable","18":"shipping-taxable","19":"purchasable","20":"product-type-variable"},"_links":{"self":[{"href":"https:\/\/mamtajhariaart.com\/it\/wp-json\/wp\/v2\/product\/11062","targetHints":{"allow":["GET"]}}],"collection":[{"href":"https:\/\/mamtajhariaart.com\/it\/wp-json\/wp\/v2\/product"}],"about":[{"href":"https:\/\/mamtajhariaart.com\/it\/wp-json\/wp\/v2\/types\/product"}],"replies":[{"embeddable":true,"href":"https:\/\/mamtajhariaart.com\/it\/wp-json\/wp\/v2\/comments?post=11062"}],"wp:featuredmedia":[{"embeddable":true,"href":"https:\/\/mamtajhariaart.com\/it\/wp-json\/wp\/v2\/media\/11066"}],"wp:attachment":[{"href":"https:\/\/mamtajhariaart.com\/it\/wp-json\/wp\/v2\/media?parent=11062"}],"wp:term":[{"taxonomy":"product_brand","embeddable":true,"href":"https:\/\/mamtajhariaart.com\/it\/wp-json\/wp\/v2\/product_brand?post=11062"},{"taxonomy":"product_cat","embeddable":true,"href":"https:\/\/mamtajhariaart.com\/it\/wp-json\/wp\/v2\/product_cat?post=11062"},{"taxonomy":"product_tag","embeddable":true,"href":"https:\/\/mamtajhariaart.com\/it\/wp-json\/wp\/v2\/product_tag?post=11062"}],"curies":[{"name":"wp","href":"https:\/\/api.w.org\/{rel}","templated":true}]}}