{"id":11102,"date":"2025-08-22T15:40:27","date_gmt":"2025-08-22T13:40:27","guid":{"rendered":"https:\/\/mamtajhariaart.com\/product\/modern-geometric-abstract-pillow-luxury-art-cushion-bold-home-decor\/"},"modified":"2026-03-04T23:38:18","modified_gmt":"2026-03-04T22:38:18","slug":"modern-geometric-abstract-pillow-luxury-art-cushion-bold-home-decor","status":"publish","type":"product","link":"https:\/\/mamtajhariaart.com\/it\/prodotto\/modern-geometric-abstract-pillow-luxury-art-cushion-bold-home-decor\/","title":{"rendered":"Cuscino astratto geometrico moderno - Cuscino d'arte di lusso | Arredamento per la casa audace"},"content":{"rendered":"<p>Elevi il suo spazio con questo cuscino astratto geometrico di MJ Art &amp; Fashion. Caratterizzato da audaci blocchi giallo-oro stratificati su espressivi accenti rossi e neri, questo cuscino fonde la geometria con l'emozione in un modo che sembra moderno e senza tempo. Un pezzo perfetto per chi ama gli interni con profondit\u00e0, audacia e anima artistica.<\/p>\n<p>\u2728 Dettagli e caratteristiche<\/p>\n<p>Custodia in poliestere premium con una texture raffinata, simile al lino<\/p>\n<p>Stampa all-over ad alta definizione, con una vivacit\u00e0 di lunga durata.<\/p>\n<p>Cerniera nascosta per un look elegante e raffinato<\/p>\n<p>Disponibile nei formati 18\u00d718\", 20\u00d712\" e 22\u00d722\".<\/p>\n<p>Ideale per soggiorni, camere da letto e studi creativi.<\/p>\n<p>Aggiunga un tocco di raffinatezza da galleria d'arte alla sua casa - questo non \u00e8 solo un cuscino, \u00e8 un pezzo d'arte con cui vivere.<br \/>\nVuole aggiungere un tocco di colore alla sua casa? Questo cuscino al tatto di qualit\u00e0 superiore con un inserto che mantiene la forma \u00e8 proprio quello che sta cercando! Render\u00e0 lussuosa qualsiasi stanza e fornir\u00e0 la scusa perfetta per un rapido pisolino.<\/p>\n<p>- Custodia in poliestere 100%<br \/>\n- Peso del tessuto: 8,1 oz\/yd\u00b2 (275 g\/m\u00b2)<br \/>\n- Tessuto con sensazione di lino<br \/>\n- Cerniera nascosta<br \/>\n- Custodia lavabile in lavatrice<br \/>\n- Inserto in poliestere 100%, che mantiene la forma, incluso (solo lavaggio a mano).<br \/>\n- I componenti dei prodotti vuoti in Messico provengono dalla Cina e dal Messico.<br \/>\n- I componenti dei prodotti vuoti nell'UE provengono da Cina e Polonia.<\/p>\n<p>Restrizioni di et\u00e0: Per gli adulti<br \/>\nGaranzia UE: 2 anni<br \/>\nAltre informazioni sulla conformit\u00e0: Soddisfa i requisiti dei livelli di formaldeide, coloranti azoici, piombo, cadmio e bisfenoli.<\/p>\n<p>In conformit\u00e0 con il Regolamento Generale sulla Sicurezza dei Prodotti (GPSR), <b>MAMTA JHARIA ARTE<\/b> garantisce che tutti i prodotti di consumo offerti siano sicuri e conformi agli standard dell'UE. Per qualsiasi richiesta o dubbio relativo alla sicurezza dei prodotti, la invitiamo a contattarci a <b>infomamtajhariaart@gmail.com<\/b> oppure ci scriva <b>Via Nino Arcidiacono Riposto Italia.<b \/><\/p>","protected":false},"excerpt":{"rendered":"<p>Elevate your space with this Geometric Abstract Pillow from MJ Art &amp; Fashion. Featuring bold golden-yellow blocks layered over expressive&#8230;<\/p>","protected":false},"featured_media":11106,"comment_status":"open","ping_status":"closed","template":"","meta":[],"product_brand":[],"product_cat":[464,398,456,390,457],"product_tag":[],"class_list":{"0":"post-11102","1":"product","2":"type-product","3":"status-publish","4":"has-post-thumbnail","6":"product_cat-gifts","7":"product_cat-artistic-gifts-for-art-lovers","8":"product_cat-home-decor","9":"product_cat-decorative-pillow-covers-with-art","10":"product_cat-pillows-covers","11":"pa_size-18x18","12":"pa_size-20x12","13":"pa_size-22x22","15":"first","16":"instock","17":"taxable","18":"shipping-taxable","19":"purchasable","20":"product-type-variable"},"_links":{"self":[{"href":"https:\/\/mamtajhariaart.com\/it\/wp-json\/wp\/v2\/product\/11102","targetHints":{"allow":["GET"]}}],"collection":[{"href":"https:\/\/mamtajhariaart.com\/it\/wp-json\/wp\/v2\/product"}],"about":[{"href":"https:\/\/mamtajhariaart.com\/it\/wp-json\/wp\/v2\/types\/product"}],"replies":[{"embeddable":true,"href":"https:\/\/mamtajhariaart.com\/it\/wp-json\/wp\/v2\/comments?post=11102"}],"wp:featuredmedia":[{"embeddable":true,"href":"https:\/\/mamtajhariaart.com\/it\/wp-json\/wp\/v2\/media\/11106"}],"wp:attachment":[{"href":"https:\/\/mamtajhariaart.com\/it\/wp-json\/wp\/v2\/media?parent=11102"}],"wp:term":[{"taxonomy":"product_brand","embeddable":true,"href":"https:\/\/mamtajhariaart.com\/it\/wp-json\/wp\/v2\/product_brand?post=11102"},{"taxonomy":"product_cat","embeddable":true,"href":"https:\/\/mamtajhariaart.com\/it\/wp-json\/wp\/v2\/product_cat?post=11102"},{"taxonomy":"product_tag","embeddable":true,"href":"https:\/\/mamtajhariaart.com\/it\/wp-json\/wp\/v2\/product_tag?post=11102"}],"curies":[{"name":"wp","href":"https:\/\/api.w.org\/{rel}","templated":true}]}}