{"id":11165,"date":"2025-08-22T17:05:45","date_gmt":"2025-08-22T15:05:45","guid":{"rendered":"https:\/\/mamtajhariaart.com\/product\/abstract-art-coffee-mug-mj-art-designer-ceramic-cup-luxury-modern-expressionist-mug\/"},"modified":"2026-03-04T23:38:17","modified_gmt":"2026-03-04T22:38:17","slug":"abstract-art-coffee-mug-mj-art-designer-ceramic-cup-luxury-modern-expressionist-mug","status":"publish","type":"product","link":"https:\/\/mamtajhariaart.com\/it\/prodotto\/abstract-art-coffee-mug-mj-art-designer-ceramic-cup-luxury-modern-expressionist-mug\/","title":{"rendered":"Tazza da caff\u00e8 di arte astratta - Tazza di ceramica di design MJ Art - Tazza di lusso di espressionismo moderno"},"content":{"rendered":"<p>Porti l'arte nei suoi rituali quotidiani con questa tazza MJ Art Abstract Designer. Caratterizzata da un sorprendente design espressionista con colori vivaci e dettagli geometrici, questa tazza trasforma il caff\u00e8 del mattino o il t\u00e8 della sera in un vero momento di ispirazione.<\/p>\n<p>Pi\u00f9 che una semplice tazza, \u00e8 un'opera d'arte da tenere in mano - che unisce funzionalit\u00e0 e creativit\u00e0. A casa o in ufficio, diventa un pezzo distintivo che stimola la conversazione ed eleva la sua routine quotidiana.<\/p>\n<p>\u2728 Dettagli e caratteristiche<\/p>\n<p>Finitura in ceramica lucida premium<\/p>\n<p>Opere d'arte astratte di MJ Art - esclusive, audaci e da collezione<\/p>\n<p>Adatto al forno a microonde e alla lavastoviglie, per una maggiore facilit\u00e0 di utilizzo quotidiano<\/p>\n<p>Dimensioni: 11 oz, 15 oz e 20 oz<\/p>\n<p>Un regalo perfetto per gli amanti dell'arte, i collezionisti o chiunque creda che il caff\u00e8 meriti la creativit\u00e0.<\/p>\n<p>Trasforma ogni sorso in un'esperienza artistica, perch\u00e9 la sua tazza dovrebbe ispirarla tanto quanto ci\u00f2 che contiene.<br \/>\nChe stia bevendo il caff\u00e8 del mattino, il t\u00e8 della sera o una via di mezzo, questa tazza fa al caso suo! \u00c8 robusta e lucida, con una stampa vivace che resiste al microonde e alla lavastoviglie.<\/p>\n<p>- Ceramica<br \/>\n- Dimensioni della tazza da 11 once: 3,8\u2033 (9,6 cm) di altezza, 3,2\u2033 (8,2 cm) di diametro<br \/>\n- Dimensioni della tazza da 15 once: 4,7\u2033 (11,9 cm) di altezza, 3,3\u2033 (8,5 cm) di diametro<br \/>\n- Dimensioni della tazza da 20 once: 4,3\u2033 (10,9 cm) di altezza, 3,7\u2033 (9,3 cm) di diametro<br \/>\n- Materiale privo di piombo e BPA<br \/>\n- Lavabile in lavastoviglie e nel microonde<br \/>\n- Prodotto vuoto proveniente dalla Cina<\/p>\n<p>Restrizioni di et\u00e0: Per gli adulti<br \/>\nGaranzia UE: 2 anni<br \/>\nAltre informazioni sulla conformit\u00e0: Soddisfa i requisiti dei livelli di piombo e cadmio.<\/p>\n<p>In conformit\u00e0 con il Regolamento Generale sulla Sicurezza dei Prodotti (GPSR), <b>MAMTA JHARIA ARTE<\/b> garantisce che tutti i prodotti di consumo offerti siano sicuri e conformi agli standard dell'UE. Per qualsiasi richiesta o dubbio relativo alla sicurezza dei prodotti, la invitiamo a contattarci a <b>infomamtajhariaart@gmail.com<\/b> oppure ci scriva <b>Via Nino Arcidiacono Riposto Italia.<b \/><\/p>","protected":false},"excerpt":{"rendered":"<p>Bring art into your everyday rituals with this MJ Art Abstract Designer Mug. Featuring a striking expressionist design with bold&#8230;<\/p>","protected":false},"featured_media":11169,"comment_status":"open","ping_status":"closed","template":"","meta":[],"product_brand":[],"product_cat":[387,398,464,460,458],"product_tag":[],"class_list":{"0":"post-11165","1":"product","2":"type-product","3":"status-publish","4":"has-post-thumbnail","6":"product_cat-artistic-mugs-with-original-designs","7":"product_cat-artistic-gifts-for-art-lovers","8":"product_cat-gifts","9":"product_cat-kitchen-dining","10":"product_cat-mugs","11":"pa_size-11-oz","12":"pa_size-15-oz","13":"pa_size-20-oz","15":"first","16":"instock","17":"taxable","18":"shipping-taxable","19":"purchasable","20":"product-type-variable"},"_links":{"self":[{"href":"https:\/\/mamtajhariaart.com\/it\/wp-json\/wp\/v2\/product\/11165","targetHints":{"allow":["GET"]}}],"collection":[{"href":"https:\/\/mamtajhariaart.com\/it\/wp-json\/wp\/v2\/product"}],"about":[{"href":"https:\/\/mamtajhariaart.com\/it\/wp-json\/wp\/v2\/types\/product"}],"replies":[{"embeddable":true,"href":"https:\/\/mamtajhariaart.com\/it\/wp-json\/wp\/v2\/comments?post=11165"}],"wp:featuredmedia":[{"embeddable":true,"href":"https:\/\/mamtajhariaart.com\/it\/wp-json\/wp\/v2\/media\/11169"}],"wp:attachment":[{"href":"https:\/\/mamtajhariaart.com\/it\/wp-json\/wp\/v2\/media?parent=11165"}],"wp:term":[{"taxonomy":"product_brand","embeddable":true,"href":"https:\/\/mamtajhariaart.com\/it\/wp-json\/wp\/v2\/product_brand?post=11165"},{"taxonomy":"product_cat","embeddable":true,"href":"https:\/\/mamtajhariaart.com\/it\/wp-json\/wp\/v2\/product_cat?post=11165"},{"taxonomy":"product_tag","embeddable":true,"href":"https:\/\/mamtajhariaart.com\/it\/wp-json\/wp\/v2\/product_tag?post=11165"}],"curies":[{"name":"wp","href":"https:\/\/api.w.org\/{rel}","templated":true}]}}