{"id":11187,"date":"2025-08-22T17:29:18","date_gmt":"2025-08-22T15:29:18","guid":{"rendered":"https:\/\/mamtajhariaart.com\/product\/abstract-art-premium-mug-mj-art-designer-coffee-cup-for-art-lovers\/"},"modified":"2026-03-04T23:38:17","modified_gmt":"2026-03-04T22:38:17","slug":"abstract-art-premium-mug-mj-art-designer-coffee-cup-for-art-lovers","status":"publish","type":"product","link":"https:\/\/mamtajhariaart.com\/it\/prodotto\/abstract-art-premium-mug-mj-art-designer-coffee-cup-for-art-lovers\/","title":{"rendered":"Tazza Premium di Arte Astratta - Tazza da caff\u00e8 di design MJ Art per gli amanti dell'arte"},"content":{"rendered":"<p>Inizi le sue mattine con l'arte nelle mani.<br \/>\nQuesta tazza in ceramica lucida presenta un esclusivo disegno astratto di MJ Art, che trasforma il suo rito quotidiano del caff\u00e8 o del t\u00e8 in una vera esperienza artistica. Con i suoi colori vivaci e i suoi motivi audaci, questa tazza \u00e8 pi\u00f9 di un semplice oggetto da tavola: \u00e8 un pezzo d'arte da collezione che pu\u00f2 usare ogni giorno.<\/p>\n<p>\u2728 Perch\u00e9 la amer\u00e0:<\/p>\n<p>Finitura in ceramica lucida premium per un look lussuoso<\/p>\n<p>Design esclusivo di MJ Art - disponibile solo qui<\/p>\n<p>Lavabile in lavastoviglie e nel forno a microonde, per una comodit\u00e0 quotidiana<\/p>\n<p>Disponibile nei formati da 11 oz, 15 oz e 20 oz - perfetto per gli amanti dell'espresso o per i grandi bevitori di caff\u00e8.<\/p>\n<p>Porti a casa dell'arte che potr\u00e0 toccare, usare e amare - perch\u00e9 ogni sorso merita bellezza.<br \/>\nChe stia bevendo il caff\u00e8 del mattino, il t\u00e8 della sera o una via di mezzo, questa tazza fa al caso suo! \u00c8 robusta e lucida, con una stampa vivace che resiste al microonde e alla lavastoviglie.<\/p>\n<p>- Ceramica<br \/>\n- Dimensioni della tazza da 11 once: 3,8\u2033 (9,6 cm) di altezza, 3,2\u2033 (8,2 cm) di diametro<br \/>\n- Dimensioni della tazza da 15 once: 4,7\u2033 (11,9 cm) di altezza, 3,3\u2033 (8,5 cm) di diametro<br \/>\n- Dimensioni della tazza da 20 once: 4,3\u2033 (10,9 cm) di altezza, 3,7\u2033 (9,3 cm) di diametro<br \/>\n- Materiale privo di piombo e BPA<br \/>\n- Lavabile in lavastoviglie e nel microonde<br \/>\n- Prodotto vuoto proveniente dalla Cina<\/p>\n<p>Restrizioni di et\u00e0: Per gli adulti<br \/>\nGaranzia UE: 2 anni<br \/>\nAltre informazioni sulla conformit\u00e0: Soddisfa i requisiti dei livelli di piombo e cadmio.<\/p>\n<p>In conformit\u00e0 con il Regolamento Generale sulla Sicurezza dei Prodotti (GPSR), <b>MAMTA JHARIA ARTE<\/b> garantisce che tutti i prodotti di consumo offerti siano sicuri e conformi agli standard dell'UE. Per qualsiasi richiesta o dubbio relativo alla sicurezza dei prodotti, la invitiamo a contattarci a <b>infomamtajhariaart@gmail.com<\/b> oppure ci scriva <b>Via Nino Arcidiacono Riposto Italia.<b \/><\/p>","protected":false},"excerpt":{"rendered":"<p>Start your mornings with art in your hands. This glossy ceramic mug features an exclusive MJ Art abstract design, turning&#8230;<\/p>","protected":false},"featured_media":11191,"comment_status":"open","ping_status":"closed","template":"","meta":[],"product_brand":[],"product_cat":[387,398,464,460,458],"product_tag":[],"class_list":{"0":"post-11187","1":"product","2":"type-product","3":"status-publish","4":"has-post-thumbnail","6":"product_cat-artistic-mugs-with-original-designs","7":"product_cat-artistic-gifts-for-art-lovers","8":"product_cat-gifts","9":"product_cat-kitchen-dining","10":"product_cat-mugs","11":"pa_size-11-oz","12":"pa_size-15-oz","13":"pa_size-20-oz","15":"first","16":"instock","17":"taxable","18":"shipping-taxable","19":"purchasable","20":"product-type-variable"},"_links":{"self":[{"href":"https:\/\/mamtajhariaart.com\/it\/wp-json\/wp\/v2\/product\/11187","targetHints":{"allow":["GET"]}}],"collection":[{"href":"https:\/\/mamtajhariaart.com\/it\/wp-json\/wp\/v2\/product"}],"about":[{"href":"https:\/\/mamtajhariaart.com\/it\/wp-json\/wp\/v2\/types\/product"}],"replies":[{"embeddable":true,"href":"https:\/\/mamtajhariaart.com\/it\/wp-json\/wp\/v2\/comments?post=11187"}],"wp:featuredmedia":[{"embeddable":true,"href":"https:\/\/mamtajhariaart.com\/it\/wp-json\/wp\/v2\/media\/11191"}],"wp:attachment":[{"href":"https:\/\/mamtajhariaart.com\/it\/wp-json\/wp\/v2\/media?parent=11187"}],"wp:term":[{"taxonomy":"product_brand","embeddable":true,"href":"https:\/\/mamtajhariaart.com\/it\/wp-json\/wp\/v2\/product_brand?post=11187"},{"taxonomy":"product_cat","embeddable":true,"href":"https:\/\/mamtajhariaart.com\/it\/wp-json\/wp\/v2\/product_cat?post=11187"},{"taxonomy":"product_tag","embeddable":true,"href":"https:\/\/mamtajhariaart.com\/it\/wp-json\/wp\/v2\/product_tag?post=11187"}],"curies":[{"name":"wp","href":"https:\/\/api.w.org\/{rel}","templated":true}]}}