{"id":11206,"date":"2025-08-22T22:45:16","date_gmt":"2025-08-22T20:45:16","guid":{"rendered":"https:\/\/mamtajhariaart.com\/product\/cubist-art-glossy-mug-designer-coffee-cup-by-mj-art\/"},"modified":"2026-03-04T23:38:16","modified_gmt":"2026-03-04T22:38:16","slug":"cubist-art-glossy-mug-designer-coffee-cup-by-mj-art","status":"publish","type":"product","link":"https:\/\/mamtajhariaart.com\/it\/prodotto\/cubist-art-glossy-mug-designer-coffee-cup-by-mj-art\/","title":{"rendered":"Tazza lucida Cubist Art - Tazza da caff\u00e8 di design di MJ Art"},"content":{"rendered":"<p>Elevi il suo rituale del caff\u00e8 con un sorso d'arte.<br \/>\nQuesta tazza in ceramica lucida presenta un esclusivo design cubista di MJ Art, che trasforma il suo caff\u00e8, t\u00e8 o cioccolata calda di tutti i giorni in un momento degno di una galleria. Le linee audaci, i colori vivaci e le forme astratte la rendono pi\u00f9 di una tazza: \u00e8 un pezzo d'arte da collezione per la sua cucina.<\/p>\n<p>\u2728 Dettagli che amer\u00e0<\/p>\n<p>Ceramica lucida premium - elegante e resistente<\/p>\n<p>Lavabile in lavastoviglie e nel microonde - uso quotidiano senza fatica<\/p>\n<p>Design unico di MJ Art - un pezzo di arte contemporanea nelle sue mani<\/p>\n<p>Disponibile nei formati da 11 oz, 15 oz e 20 oz, per soddisfare ogni stile di vita.<\/p>\n<p>Che sia per la sua collezione o come regalo indimenticabile, questa tazza rende l'arte parte della sua vita quotidiana.<br \/>\nChe stia bevendo il caff\u00e8 del mattino, il t\u00e8 della sera o una via di mezzo, questa tazza fa al caso suo! \u00c8 robusta e lucida, con una stampa vivace che resiste al microonde e alla lavastoviglie.<\/p>\n<p>- Ceramica<br \/>\n- Dimensioni della tazza da 11 once: 3,8\u2033 (9,6 cm) di altezza, 3,2\u2033 (8,2 cm) di diametro<br \/>\n- Dimensioni della tazza da 15 once: 4,7\u2033 (11,9 cm) di altezza, 3,3\u2033 (8,5 cm) di diametro<br \/>\n- Dimensioni della tazza da 20 once: 4,3\u2033 (10,9 cm) di altezza, 3,7\u2033 (9,3 cm) di diametro<br \/>\n- Materiale privo di piombo e BPA<br \/>\n- Lavabile in lavastoviglie e nel microonde<br \/>\n- Prodotto vuoto proveniente dalla Cina<\/p>","protected":false},"excerpt":{"rendered":"<p>Elevate your coffee ritual with a sip of art. This glossy ceramic mug features an exclusive MJ Art cubist design,&#8230;<\/p>","protected":false},"featured_media":11210,"comment_status":"open","ping_status":"closed","template":"","meta":[],"product_brand":[],"product_cat":[387,398,464,460,458],"product_tag":[],"class_list":{"0":"post-11206","1":"product","2":"type-product","3":"status-publish","4":"has-post-thumbnail","6":"product_cat-artistic-mugs-with-original-designs","7":"product_cat-artistic-gifts-for-art-lovers","8":"product_cat-gifts","9":"product_cat-kitchen-dining","10":"product_cat-mugs","11":"pa_size-11-oz","12":"pa_size-15-oz","13":"pa_size-20-oz","15":"first","16":"instock","17":"taxable","18":"shipping-taxable","19":"purchasable","20":"product-type-variable"},"_links":{"self":[{"href":"https:\/\/mamtajhariaart.com\/it\/wp-json\/wp\/v2\/product\/11206","targetHints":{"allow":["GET"]}}],"collection":[{"href":"https:\/\/mamtajhariaart.com\/it\/wp-json\/wp\/v2\/product"}],"about":[{"href":"https:\/\/mamtajhariaart.com\/it\/wp-json\/wp\/v2\/types\/product"}],"replies":[{"embeddable":true,"href":"https:\/\/mamtajhariaart.com\/it\/wp-json\/wp\/v2\/comments?post=11206"}],"wp:featuredmedia":[{"embeddable":true,"href":"https:\/\/mamtajhariaart.com\/it\/wp-json\/wp\/v2\/media\/11210"}],"wp:attachment":[{"href":"https:\/\/mamtajhariaart.com\/it\/wp-json\/wp\/v2\/media?parent=11206"}],"wp:term":[{"taxonomy":"product_brand","embeddable":true,"href":"https:\/\/mamtajhariaart.com\/it\/wp-json\/wp\/v2\/product_brand?post=11206"},{"taxonomy":"product_cat","embeddable":true,"href":"https:\/\/mamtajhariaart.com\/it\/wp-json\/wp\/v2\/product_cat?post=11206"},{"taxonomy":"product_tag","embeddable":true,"href":"https:\/\/mamtajhariaart.com\/it\/wp-json\/wp\/v2\/product_tag?post=11206"}],"curies":[{"name":"wp","href":"https:\/\/api.w.org\/{rel}","templated":true}]}}