{"id":11223,"date":"2025-08-22T22:53:31","date_gmt":"2025-08-22T20:53:31","guid":{"rendered":"https:\/\/mamtajhariaart.com\/product\/cubist-eyes-glossy-mug-modern-abstract-art-coffee-cup-by-mj-art\/"},"modified":"2026-03-04T23:38:16","modified_gmt":"2026-03-04T22:38:16","slug":"cubist-eyes-glossy-mug-modern-abstract-art-coffee-cup-by-mj-art","status":"publish","type":"product","link":"https:\/\/mamtajhariaart.com\/it\/prodotto\/cubist-eyes-glossy-mug-modern-abstract-art-coffee-cup-by-mj-art\/","title":{"rendered":"Tazza lucida Cubist Eyes - Tazza da caff\u00e8 di arte astratta moderna di MJ Art"},"content":{"rendered":"<p>Inizi la sua mattinata con uno sguardo che ispira.<br \/>\nQuesta tazza in ceramica lucida, avvolta nel design cubista \u201cEyes\u201d di MJ Art, trasforma il suo caff\u00e8 o t\u00e8 quotidiano in un rituale di colore e creativit\u00e0. Con i suoi contrasti vivaci e le sue audaci linee astratte, non \u00e8 solo una tazza: \u00e8 una dichiarazione d'arte per la sua cucina o il suo spazio di lavoro.<\/p>\n<p>\u2728 Perch\u00e9 lo amer\u00e0<\/p>\n<p>Ceramica lucida premium - elegante e resistente<\/p>\n<p>Design unico di ispirazione cubista di MJ Art - moderno e accattivante<\/p>\n<p>Lavabile in lavastoviglie e nel microonde - pratico e bello<\/p>\n<p>Taglie disponibili: 11 oz, 15 oz e 20 oz<\/p>\n<p>Perfetto come tesoro personale o come regalo per qualcuno che ama l'arte moderna. Ogni sorso diventa un pezzo di ispirazione.<br \/>\nChe stia bevendo il caff\u00e8 del mattino, il t\u00e8 della sera o una via di mezzo, questa tazza fa al caso suo! \u00c8 robusta e lucida, con una stampa vivace che resiste al microonde e alla lavastoviglie.<\/p>\n<p>- Ceramica<br \/>\n- Dimensioni della tazza da 11 once: 3,8\u2033 (9,6 cm) di altezza, 3,2\u2033 (8,2 cm) di diametro<br \/>\n- Dimensioni della tazza da 15 once: 4,7\u2033 (11,9 cm) di altezza, 3,3\u2033 (8,5 cm) di diametro<br \/>\n- Dimensioni della tazza da 20 once: 4,3\u2033 (10,9 cm) di altezza, 3,7\u2033 (9,3 cm) di diametro<br \/>\n- Materiale privo di piombo e BPA<br \/>\n- Lavabile in lavastoviglie e nel microonde<br \/>\n- Prodotto vuoto proveniente dalla Cina<\/p>\n<p>Restrizioni di et\u00e0: Per gli adulti<br \/>\nGaranzia UE: 2 anni<br \/>\nAltre informazioni sulla conformit\u00e0: Soddisfa i requisiti dei livelli di piombo e cadmio.<\/p>\n<p>In conformit\u00e0 con il Regolamento Generale sulla Sicurezza dei Prodotti (GPSR), <b>MAMTA JHARIA ARTE<\/b> garantisce che tutti i prodotti di consumo offerti siano sicuri e conformi agli standard dell'UE. Per qualsiasi richiesta o dubbio relativo alla sicurezza dei prodotti, la invitiamo a contattarci a <b>infomamtajhariaart@gmail.com<\/b> oppure ci scriva <b>Via Nino Arcidiacono Riposto Italia.<b \/><\/p>","protected":false},"excerpt":{"rendered":"<p>Start your mornings with a gaze that inspires. This glossy ceramic mug, wrapped in MJ Art\u2019s cubist \u201cEyes\u201d design, transforms&#8230;<\/p>","protected":false},"featured_media":11227,"comment_status":"open","ping_status":"closed","template":"","meta":[],"product_brand":[],"product_cat":[387,398,464,460,458],"product_tag":[],"class_list":{"0":"post-11223","1":"product","2":"type-product","3":"status-publish","4":"has-post-thumbnail","6":"product_cat-artistic-mugs-with-original-designs","7":"product_cat-artistic-gifts-for-art-lovers","8":"product_cat-gifts","9":"product_cat-kitchen-dining","10":"product_cat-mugs","11":"pa_size-11-oz","12":"pa_size-15-oz","13":"pa_size-20-oz","15":"first","16":"instock","17":"taxable","18":"shipping-taxable","19":"purchasable","20":"product-type-variable"},"_links":{"self":[{"href":"https:\/\/mamtajhariaart.com\/it\/wp-json\/wp\/v2\/product\/11223","targetHints":{"allow":["GET"]}}],"collection":[{"href":"https:\/\/mamtajhariaart.com\/it\/wp-json\/wp\/v2\/product"}],"about":[{"href":"https:\/\/mamtajhariaart.com\/it\/wp-json\/wp\/v2\/types\/product"}],"replies":[{"embeddable":true,"href":"https:\/\/mamtajhariaart.com\/it\/wp-json\/wp\/v2\/comments?post=11223"}],"wp:featuredmedia":[{"embeddable":true,"href":"https:\/\/mamtajhariaart.com\/it\/wp-json\/wp\/v2\/media\/11227"}],"wp:attachment":[{"href":"https:\/\/mamtajhariaart.com\/it\/wp-json\/wp\/v2\/media?parent=11223"}],"wp:term":[{"taxonomy":"product_brand","embeddable":true,"href":"https:\/\/mamtajhariaart.com\/it\/wp-json\/wp\/v2\/product_brand?post=11223"},{"taxonomy":"product_cat","embeddable":true,"href":"https:\/\/mamtajhariaart.com\/it\/wp-json\/wp\/v2\/product_cat?post=11223"},{"taxonomy":"product_tag","embeddable":true,"href":"https:\/\/mamtajhariaart.com\/it\/wp-json\/wp\/v2\/product_tag?post=11223"}],"curies":[{"name":"wp","href":"https:\/\/api.w.org\/{rel}","templated":true}]}}