{"id":11240,"date":"2025-08-22T22:59:08","date_gmt":"2025-08-22T20:59:08","guid":{"rendered":"https:\/\/mamtajhariaart.com\/product\/abstract-geometric-glossy-mug-bold-modern-art-coffee-cup-by-mj-art\/"},"modified":"2026-03-04T23:38:16","modified_gmt":"2026-03-04T22:38:16","slug":"abstract-geometric-glossy-mug-bold-modern-art-coffee-cup-by-mj-art","status":"publish","type":"product","link":"https:\/\/mamtajhariaart.com\/it\/prodotto\/abstract-geometric-glossy-mug-bold-modern-art-coffee-cup-by-mj-art\/","title":{"rendered":"Tazza astratta geometrica lucida - tazza da caff\u00e8 d'arte moderna in grassetto di MJ Art"},"content":{"rendered":"<p>Trasformi il suo caff\u00e8 o t\u00e8 quotidiano in un momento da galleria.<br \/>\nQuesta tazza in ceramica lucida \u00e8 ornata dal vivace disegno geometrico astratto di MJ Art, che fonde i toni caldi della terra con linee moderne e decise. Pi\u00f9 che una semplice tazza, \u00e8 un pezzo d'arte da tenere tra le mani - elevando anche il pi\u00f9 semplice dei sorsi in un rituale di stile.<\/p>\n<p>\u2728 Perch\u00e9 \u00e8 speciale<\/p>\n<p>Ceramica lucida premium - finitura robusta ed elegante<\/p>\n<p>Un'opera d'arte astratta moderna e unica di MJ Art<\/p>\n<p>Lavabile in lavastoviglie e nel forno a microonde - pratico e artistico<\/p>\n<p>Disponibile nei formati da 11 oz, 15 oz e 20 oz.<\/p>\n<p>Perfetto per la sua casa, il suo ufficio o come regalo per gli amanti dell'arte. Questo non \u00e8 un semplice bicchiere - \u00e8 arte ad ogni versamento.<br \/>\nChe stia bevendo il caff\u00e8 del mattino, il t\u00e8 della sera o una via di mezzo, questa tazza fa al caso suo! \u00c8 robusta e lucida, con una stampa vivace che resiste al microonde e alla lavastoviglie.<\/p>\n<p>- Ceramica<br \/>\n- Dimensioni della tazza da 11 once: 3,8\u2033 (9,6 cm) di altezza, 3,2\u2033 (8,2 cm) di diametro<br \/>\n- Dimensioni della tazza da 15 once: 4,7\u2033 (11,9 cm) di altezza, 3,3\u2033 (8,5 cm) di diametro<br \/>\n- Dimensioni della tazza da 20 once: 4,3\u2033 (10,9 cm) di altezza, 3,7\u2033 (9,3 cm) di diametro<br \/>\n- Materiale privo di piombo e BPA<br \/>\n- Lavabile in lavastoviglie e nel microonde<br \/>\n- Prodotto vuoto proveniente dalla Cina<\/p>\n<p>Restrizioni di et\u00e0: Per gli adulti<br \/>\nGaranzia UE: 2 anni<br \/>\nAltre informazioni sulla conformit\u00e0: Soddisfa i requisiti dei livelli di piombo e cadmio.<\/p>\n<p>In conformit\u00e0 con il Regolamento Generale sulla Sicurezza dei Prodotti (GPSR), <b>MAMTA JHARIA ARTE<\/b> garantisce che tutti i prodotti di consumo offerti siano sicuri e conformi agli standard dell'UE. Per qualsiasi richiesta o dubbio relativo alla sicurezza dei prodotti, la invitiamo a contattarci a <b>infomamtajhariaart@gmail.com<\/b> oppure ci scriva <b>Via Nino Arcidiacono Riposto Italia.<b \/><\/p>","protected":false},"excerpt":{"rendered":"<p>Turn your daily coffee or tea into a gallery moment. This glossy ceramic mug is adorned with MJ Art\u2019s vibrant&#8230;<\/p>","protected":false},"featured_media":11244,"comment_status":"open","ping_status":"closed","template":"","meta":[],"product_brand":[],"product_cat":[387,398,464,460,458],"product_tag":[],"class_list":{"0":"post-11240","1":"product","2":"type-product","3":"status-publish","4":"has-post-thumbnail","6":"product_cat-artistic-mugs-with-original-designs","7":"product_cat-artistic-gifts-for-art-lovers","8":"product_cat-gifts","9":"product_cat-kitchen-dining","10":"product_cat-mugs","11":"pa_size-11-oz","12":"pa_size-15-oz","13":"pa_size-20-oz","15":"first","16":"instock","17":"taxable","18":"shipping-taxable","19":"purchasable","20":"product-type-variable"},"_links":{"self":[{"href":"https:\/\/mamtajhariaart.com\/it\/wp-json\/wp\/v2\/product\/11240","targetHints":{"allow":["GET"]}}],"collection":[{"href":"https:\/\/mamtajhariaart.com\/it\/wp-json\/wp\/v2\/product"}],"about":[{"href":"https:\/\/mamtajhariaart.com\/it\/wp-json\/wp\/v2\/types\/product"}],"replies":[{"embeddable":true,"href":"https:\/\/mamtajhariaart.com\/it\/wp-json\/wp\/v2\/comments?post=11240"}],"wp:featuredmedia":[{"embeddable":true,"href":"https:\/\/mamtajhariaart.com\/it\/wp-json\/wp\/v2\/media\/11244"}],"wp:attachment":[{"href":"https:\/\/mamtajhariaart.com\/it\/wp-json\/wp\/v2\/media?parent=11240"}],"wp:term":[{"taxonomy":"product_brand","embeddable":true,"href":"https:\/\/mamtajhariaart.com\/it\/wp-json\/wp\/v2\/product_brand?post=11240"},{"taxonomy":"product_cat","embeddable":true,"href":"https:\/\/mamtajhariaart.com\/it\/wp-json\/wp\/v2\/product_cat?post=11240"},{"taxonomy":"product_tag","embeddable":true,"href":"https:\/\/mamtajhariaart.com\/it\/wp-json\/wp\/v2\/product_tag?post=11240"}],"curies":[{"name":"wp","href":"https:\/\/api.w.org\/{rel}","templated":true}]}}