{"id":11281,"date":"2025-08-22T23:23:09","date_gmt":"2025-08-22T21:23:09","guid":{"rendered":"https:\/\/mamtajhariaart.com\/product\/art-inspired-latte-mug-modern-abstract-milk-coffee-cup-by-mj-art\/"},"modified":"2026-03-04T23:38:15","modified_gmt":"2026-03-04T22:38:15","slug":"art-inspired-latte-mug-modern-abstract-milk-coffee-cup-by-mj-art","status":"publish","type":"product","link":"https:\/\/mamtajhariaart.com\/it\/prodotto\/art-inspired-latte-mug-modern-abstract-milk-coffee-cup-by-mj-art\/","title":{"rendered":"Tazza per latte ispirata all'arte - Tazza per latte e caff\u00e8 astratta moderna di MJ Art"},"content":{"rendered":"<p>Lo sente? \u00c8 il suono della sua mattinata tranquilla e senza stress. Inizi il suo rituale del caff\u00e8 mattutino o si accolga con un t\u00e8 a tarda notte con questa tazza. \u00c8 lavabile in lavastoviglie, quindi una cosa in meno di cui preoccuparsi. \u00c8 anche adatta al microonde, quindi si senta libero di provare le sue ricette di mug cake!<br \/>\nTrasformi il suo latte, latte o cioccolata calda di tutti i giorni in un rituale degno di una galleria d'arte con questa tazza per latte ispirata all'arte, firmata MJ Art.<br \/>\nIl suo design alto ed elegante fa s\u00ec che ogni sorso sia lussuoso, mentre mostra un'opera d'arte astratta moderna e audace che spicca in qualsiasi angolo della cucina o del bar.<\/p>\n<p>\u2728 Perch\u00e9 \u00e8 speciale<\/p>\n<p>Ceramica bianca premium con finitura lucida<\/p>\n<p>Forma alta da latte (12 oz \/ 355 ml) - perfetta per latte, caffellatte o cioccolata calda<\/p>\n<p>Senza BPA e piombo, per un uso quotidiano sicuro.<\/p>\n<p>Lavabile in lavastoviglie e nel microonde - una bellezza che dura nel tempo<\/p>\n<p>Con gli esclusivi disegni di MJ Art, per un look moderno e da collezione.<\/p>\n<p>Che la assapori al mattino con un latte caldo, alla sera con la cioccolata calda o che la regali a qualcuno che ama l'arte, questa tazza aggiunge stile, comfort e creativit\u00e0 ad ogni momento.<br \/>\n- 100% ceramica bianca<br \/>\n- Altezza: 4\u2033 (10,16 cm)<br \/>\n- Diametro: 3,6\u2033 (9,14 cm)<br \/>\n- Volume: 12 once<br \/>\n- Realizzato senza BPA e piombo<br \/>\n- Adatto alla lavastoviglie e al microonde<br \/>\n- Forma classica a cono<br \/>\n- Finitura ceramica lucida<br \/>\n- Il prodotto proviene dalla Cina, decorato negli Stati Uniti.<\/p>\n<p>Restrizioni di et\u00e0: Per gli adulti<br \/>\nGaranzia UE: 2 anni<br \/>\nAltre informazioni sulla conformit\u00e0: Il prodotto \u00e8 privo di BPA e di piombo<\/p>\n<p>In conformit\u00e0 con il Regolamento Generale sulla Sicurezza dei Prodotti (GPSR), <b>MAMTA JHARIA ARTE<\/b> garantisce che tutti i prodotti di consumo offerti siano sicuri e conformi agli standard dell'UE. Per qualsiasi richiesta o dubbio relativo alla sicurezza dei prodotti, la invitiamo a contattarci a <b>infomamtajhariaart@gmail.com<\/b> oppure ci scriva <b>Via Nino Arcidiacono Riposto Italia.<b \/><\/p>","protected":false},"excerpt":{"rendered":"<p>Hear that? That\u2019s the sound of your quiet, stress-free morning. Kick off your morning coffee ritual or cozy up with&#8230;<\/p>","protected":false},"featured_media":11282,"comment_status":"open","ping_status":"closed","template":"","meta":[],"product_brand":[],"product_cat":[387,464,398,460,458],"product_tag":[],"class_list":{"0":"post-11281","1":"product","2":"type-product","3":"status-publish","4":"has-post-thumbnail","6":"product_cat-artistic-mugs-with-original-designs","7":"product_cat-gifts","8":"product_cat-artistic-gifts-for-art-lovers","9":"product_cat-kitchen-dining","10":"product_cat-mugs","12":"first","13":"instock","14":"taxable","15":"shipping-taxable","16":"purchasable","17":"product-type-simple"},"_links":{"self":[{"href":"https:\/\/mamtajhariaart.com\/it\/wp-json\/wp\/v2\/product\/11281","targetHints":{"allow":["GET"]}}],"collection":[{"href":"https:\/\/mamtajhariaart.com\/it\/wp-json\/wp\/v2\/product"}],"about":[{"href":"https:\/\/mamtajhariaart.com\/it\/wp-json\/wp\/v2\/types\/product"}],"replies":[{"embeddable":true,"href":"https:\/\/mamtajhariaart.com\/it\/wp-json\/wp\/v2\/comments?post=11281"}],"wp:featuredmedia":[{"embeddable":true,"href":"https:\/\/mamtajhariaart.com\/it\/wp-json\/wp\/v2\/media\/11282"}],"wp:attachment":[{"href":"https:\/\/mamtajhariaart.com\/it\/wp-json\/wp\/v2\/media?parent=11281"}],"wp:term":[{"taxonomy":"product_brand","embeddable":true,"href":"https:\/\/mamtajhariaart.com\/it\/wp-json\/wp\/v2\/product_brand?post=11281"},{"taxonomy":"product_cat","embeddable":true,"href":"https:\/\/mamtajhariaart.com\/it\/wp-json\/wp\/v2\/product_cat?post=11281"},{"taxonomy":"product_tag","embeddable":true,"href":"https:\/\/mamtajhariaart.com\/it\/wp-json\/wp\/v2\/product_tag?post=11281"}],"curies":[{"name":"wp","href":"https:\/\/api.w.org\/{rel}","templated":true}]}}