{"id":12412,"date":"2026-01-05T16:39:21","date_gmt":"2026-01-05T15:39:21","guid":{"rendered":"https:\/\/mamtajhariaart.com\/product\/mamta-jharia-zaino-unisex-zaino-casual-leggero-per-uso-quotidiano-viaggio-e-tempo-libero\/"},"modified":"2026-03-04T23:38:09","modified_gmt":"2026-03-04T22:38:09","slug":"mamta-jharia-zaino-unisex-zaino-casual-leggero-per-uso-quotidiano-viaggio-e-tempo-libero","status":"publish","type":"product","link":"https:\/\/mamtajhariaart.com\/it\/prodotto\/mamta-jharia-zaino-unisex-zaino-casual-leggero-per-uso-quotidiano-viaggio-e-tempo-libero\/","title":{"rendered":"MAMTA JHARIA Zaino Unisex - Zaino Casual Leggero per Uso Quotidiano, Viaggio e Tempo Libero"},"content":{"rendered":"<p>Lo zaino Mamta Jharia Medium \u00e8 progettato per essere il compagno ideale nella vita quotidiana, al lavoro, in viaggio e durante le attivit\u00e0 sportive. Realizzato in 100% poliestere resistente, unisce praticit\u00e0, comfort e uno stile moderno. Grazie all\u2019organizzazione interna intelligente, lo zaino dispone di un ampio scomparto principale con una tasca imbottita separata per laptop fino a 15 pollici, permettendo di trasportare i tuoi oggetti in totale sicurezza. Lo spazio aggiuntivo comprende una tasca frontale con zip per gli accessori di uso frequente e una tasca posteriore nascosta per custodire gli oggetti di valore. Il tessuto idrorepellente aiuta a proteggere il contenuto da pioggia leggera e cambiamenti climatici, mentre il pannello posteriore in mesh traspirante e gli spallacci ergonomici imbottiti garantiscono un comfort ottimale per tutto il giorno. Dettagli curati come la fodera interna setosa, le cuciture interne rinforzate e le zip a doppio cursore migliorano la durata e la praticit\u00e0 d\u2019uso.<\/p>","protected":false},"excerpt":{"rendered":"<p>Lo zaino Mamta Jharia Medium \u00e8 progettato per essere il compagno ideale nella vita quotidiana, al lavoro, in viaggio e&#8230;<\/p>","protected":false},"featured_media":12409,"comment_status":"open","ping_status":"closed","template":"","meta":[],"product_brand":[],"product_cat":[15],"product_tag":[],"class_list":{"0":"post-12412","1":"product","2":"type-product","3":"status-publish","4":"has-post-thumbnail","6":"product_cat-modern-art-prints","8":"first","9":"instock","10":"taxable","11":"shipping-taxable","12":"purchasable","13":"product-type-simple"},"_links":{"self":[{"href":"https:\/\/mamtajhariaart.com\/it\/wp-json\/wp\/v2\/product\/12412","targetHints":{"allow":["GET"]}}],"collection":[{"href":"https:\/\/mamtajhariaart.com\/it\/wp-json\/wp\/v2\/product"}],"about":[{"href":"https:\/\/mamtajhariaart.com\/it\/wp-json\/wp\/v2\/types\/product"}],"replies":[{"embeddable":true,"href":"https:\/\/mamtajhariaart.com\/it\/wp-json\/wp\/v2\/comments?post=12412"}],"wp:featuredmedia":[{"embeddable":true,"href":"https:\/\/mamtajhariaart.com\/it\/wp-json\/wp\/v2\/media\/12409"}],"wp:attachment":[{"href":"https:\/\/mamtajhariaart.com\/it\/wp-json\/wp\/v2\/media?parent=12412"}],"wp:term":[{"taxonomy":"product_brand","embeddable":true,"href":"https:\/\/mamtajhariaart.com\/it\/wp-json\/wp\/v2\/product_brand?post=12412"},{"taxonomy":"product_cat","embeddable":true,"href":"https:\/\/mamtajhariaart.com\/it\/wp-json\/wp\/v2\/product_cat?post=12412"},{"taxonomy":"product_tag","embeddable":true,"href":"https:\/\/mamtajhariaart.com\/it\/wp-json\/wp\/v2\/product_tag?post=12412"}],"curies":[{"name":"wp","href":"https:\/\/api.w.org\/{rel}","templated":true}]}}