{"id":1872,"date":"2025-08-01T00:54:49","date_gmt":"2025-07-31T22:54:49","guid":{"rendered":"https:\/\/mamtajhariaart.com\/product\/towel\/"},"modified":"2026-03-04T23:39:32","modified_gmt":"2026-03-04T22:39:32","slug":"towel","status":"publish","type":"product","link":"https:\/\/mamtajhariaart.com\/it\/prodotto\/towel\/","title":{"rendered":"Asciugamano da spiaggia di lusso con arte astratta - Design moderno e audace, asciugatura rapida e senza sabbia | Collezione MJ"},"content":{"rendered":"<p>Trasformi ogni giornata in spiaggia in una passerella con l'asciugamano da spiaggia Luxury Abstract Art della collezione esclusiva di MJ. Caratterizzato da un design audace e moderno con ricche tonalit\u00e0 della terra e forme fluide, questo asciugamano \u00e8 pi\u00f9 di un semplice accessorio: \u00e8 un'arte da indossare che riflette il suo stile unico.<\/p>\n<p>Realizzato con un pregiato misto cotone-poliestere, offre una morbidezza lussuosa, un'asciugatura rapida e un comfort senza sabbia, perfetto per il relax al mare, a bordo piscina o nella spa. La stampa vibrante e resistente allo sbiadimento assicura che il suo pezzo forte rimanga splendido per tutta la stagione.<\/p>\n<p>Caratteristiche che amer\u00e0:<\/p>\n<p>Esclusiva opera d'arte MJ - Ispirata ai moderni dipinti astratti per un look indimenticabile.<\/p>\n<p>Qualit\u00e0 Premium - cotone 52% (USA) \/ cotone 50% (UE) con poliestere per una morbidezza e una durata durature.<\/p>\n<p>Dimensioni generose - 76 \u00d7 152 cm per una copertura e un comfort ottimali.<\/p>\n<p>Asciugatura rapida e assenza di sabbia - Si goda un'esperienza in spiaggia senza problemi.<\/p>\n<p>Eco-Friendly - Prodotto su richiesta per ridurre gli sprechi e la sovrapproduzione.<\/p>\n<p>Sia che prenda il sole o che faccia le onde, questo asciugamano la manterr\u00e0 elegante, comodo e indimenticabile.<\/p>\n<p>- Composizione del tessuto negli Stati Uniti: cotone 52%, poliestere 48%<br \/>\n- Composizione del tessuto in EU: 50% cotone, 50% poliestere<br \/>\n- Peso del tessuto negli Stati Uniti: 10,6 oz.\/yd.\u00b2 (360 g\/m\u00b2)<br \/>\n- Peso del tessuto in EU: 11,8 oz.\/yd.\u00b2 (400 g\/m\u00b2)<br \/>\n- Dimensioni: 30\u2033 \u00d7 60\u2033 \u00d7 0,28\u2033 (76 \u00d7 152 \u00d7 0,7 cm)<br \/>\n- Stampato solo su un lato<br \/>\n- Il lato non stampato \u00e8 realizzato in tessuto di spugna, rendendo l'asciugamano pi\u00f9 assorbente.<br \/>\n- Prodotto vuoto proveniente dalla Cina<\/p>\n<p>Questo prodotto viene realizzato appositamente per lei nel momento in cui effettua l'ordine, per questo ci vuole un po' pi\u00f9 di tempo per consegnarglielo. Realizzare prodotti su richiesta invece che in grandi quantit\u00e0 aiuta a ridurre la sovrapproduzione, quindi la ringraziamo per aver preso decisioni di acquisto ponderate!<\/p>\n<p>Restrizioni di et\u00e0: Per gli adulti<br \/>\nGaranzia UE: 2 anni<br \/>\nAltre informazioni sulla conformit\u00e0: Soddisfa i requisiti dei livelli di coloranti azoici, formaldeide, BPA, infiammabilit\u00e0, piombo e ftalati.<\/p>\n<p>In conformit\u00e0 con il Regolamento Generale sulla Sicurezza dei Prodotti (GPSR), <b>MJ Art<\/b> garantisce che tutti i prodotti di consumo offerti siano sicuri e conformi agli standard dell'UE. Per qualsiasi richiesta o dubbio relativo alla sicurezza dei prodotti, la invitiamo a contattarci a <b>infomamtajhariaart@gmail.com<\/b> oppure ci scriva <b>via Nino Arcidiacono Riposto Catania italy.<b \/><\/p>","protected":false},"excerpt":{"rendered":"<p>Turn every beach day into a runway with the Luxury Abstract Art Beach Towel from MJ\u2019s exclusive collection. Featuring a&#8230;<\/p>","protected":false},"featured_media":1873,"comment_status":"open","ping_status":"closed","template":"","meta":[],"product_brand":[],"product_cat":[461,15,396,395],"product_tag":[],"class_list":{"0":"post-1872","1":"product","2":"type-product","3":"status-publish","4":"has-post-thumbnail","6":"product_cat-accessories","7":"product_cat-modern-art-prints","8":"product_cat-artistic-beachwear-for-women","9":"product_cat-abstract-art-beach-and-bath-towels","11":"first","12":"instock","13":"taxable","14":"shipping-taxable","15":"purchasable","16":"product-type-simple"},"_links":{"self":[{"href":"https:\/\/mamtajhariaart.com\/it\/wp-json\/wp\/v2\/product\/1872","targetHints":{"allow":["GET"]}}],"collection":[{"href":"https:\/\/mamtajhariaart.com\/it\/wp-json\/wp\/v2\/product"}],"about":[{"href":"https:\/\/mamtajhariaart.com\/it\/wp-json\/wp\/v2\/types\/product"}],"replies":[{"embeddable":true,"href":"https:\/\/mamtajhariaart.com\/it\/wp-json\/wp\/v2\/comments?post=1872"}],"wp:featuredmedia":[{"embeddable":true,"href":"https:\/\/mamtajhariaart.com\/it\/wp-json\/wp\/v2\/media\/1873"}],"wp:attachment":[{"href":"https:\/\/mamtajhariaart.com\/it\/wp-json\/wp\/v2\/media?parent=1872"}],"wp:term":[{"taxonomy":"product_brand","embeddable":true,"href":"https:\/\/mamtajhariaart.com\/it\/wp-json\/wp\/v2\/product_brand?post=1872"},{"taxonomy":"product_cat","embeddable":true,"href":"https:\/\/mamtajhariaart.com\/it\/wp-json\/wp\/v2\/product_cat?post=1872"},{"taxonomy":"product_tag","embeddable":true,"href":"https:\/\/mamtajhariaart.com\/it\/wp-json\/wp\/v2\/product_tag?post=1872"}],"curies":[{"name":"wp","href":"https:\/\/api.w.org\/{rel}","templated":true}]}}