{"id":1917,"date":"2025-08-01T01:33:49","date_gmt":"2025-07-31T23:33:49","guid":{"rendered":"https:\/\/mamtajhariaart.com\/product\/white-glossy-mug\/"},"modified":"2026-03-04T23:39:32","modified_gmt":"2026-03-04T22:39:32","slug":"white-glossy-mug","status":"publish","type":"product","link":"https:\/\/mamtajhariaart.com\/it\/prodotto\/white-glossy-mug\/","title":{"rendered":"Tazza bianca lucida"},"content":{"rendered":"<p>Che stia bevendo il caff\u00e8 del mattino, il t\u00e8 della sera o una via di mezzo, questa tazza fa al caso suo! \u00c8 robusta e lucida, con una stampa vivace che resiste al microonde e alla lavastoviglie.<\/p>\n<p>- Ceramica<br \/>\n- Dimensioni della tazza da 11 once: 3,8\u2033 (9,6 cm) di altezza, 3,2\u2033 (8,2 cm) di diametro<br \/>\n- Dimensioni della tazza da 15 once: 4,7\u2033 (11,9 cm) di altezza, 3,3\u2033 (8,5 cm) di diametro<br \/>\n- Dimensioni della tazza da 20 once: 4,3\u2033 (10,9 cm) di altezza, 3,7\u2033 (9,3 cm) di diametro<br \/>\n- Materiale privo di piombo e BPA<br \/>\n- Lavabile in lavastoviglie e nel microonde<br \/>\n- Prodotto vuoto proveniente dalla Cina<\/p>\n<p>Questo prodotto viene realizzato appositamente per lei nel momento in cui effettua l'ordine, per questo ci vuole un po' pi\u00f9 di tempo per consegnarglielo. Realizzare prodotti su richiesta invece che in grandi quantit\u00e0 aiuta a ridurre la sovrapproduzione, quindi la ringraziamo per aver preso decisioni di acquisto ponderate!<\/p>\n<p>Restrizioni di et\u00e0: Per gli adulti<br \/>\nGaranzia UE: 2 anni<br \/>\nAltre informazioni sulla conformit\u00e0: Soddisfa i requisiti dei livelli di piombo e cadmio.<\/p>\n<p>In conformit\u00e0 con il Regolamento Generale sulla Sicurezza dei Prodotti (GPSR), <b>MJ Art<\/b> garantisce che tutti i prodotti di consumo offerti siano sicuri e conformi agli standard dell'UE. Per qualsiasi richiesta o dubbio relativo alla sicurezza dei prodotti, la invitiamo a contattarci a <b>infomamtajhariaart@gmail.com<\/b> oppure ci scriva <b>via Nino Arcidiacono Riposto Catania italy.<b><\/b><\/b><\/p>","protected":false},"excerpt":{"rendered":"<p>Whether you&#8217;re drinking your morning coffee, evening tea, or something in between\u2014this mug&#8217;s for you! It&#8217;s sturdy and glossy with&#8230;<\/p>","protected":false},"featured_media":1921,"comment_status":"open","ping_status":"closed","template":"","meta":[],"product_brand":[],"product_cat":[461,387,464,456,458],"product_tag":[],"class_list":{"0":"post-1917","1":"product","2":"type-product","3":"status-publish","4":"has-post-thumbnail","6":"product_cat-accessories","7":"product_cat-artistic-mugs-with-original-designs","8":"product_cat-gifts","9":"product_cat-home-decor","10":"product_cat-mugs","11":"pa_size-11-oz","12":"pa_size-15-oz","13":"pa_size-20-oz","15":"first","16":"instock","17":"taxable","18":"shipping-taxable","19":"purchasable","20":"product-type-variable"},"_links":{"self":[{"href":"https:\/\/mamtajhariaart.com\/it\/wp-json\/wp\/v2\/product\/1917","targetHints":{"allow":["GET"]}}],"collection":[{"href":"https:\/\/mamtajhariaart.com\/it\/wp-json\/wp\/v2\/product"}],"about":[{"href":"https:\/\/mamtajhariaart.com\/it\/wp-json\/wp\/v2\/types\/product"}],"replies":[{"embeddable":true,"href":"https:\/\/mamtajhariaart.com\/it\/wp-json\/wp\/v2\/comments?post=1917"}],"wp:featuredmedia":[{"embeddable":true,"href":"https:\/\/mamtajhariaart.com\/it\/wp-json\/wp\/v2\/media\/1921"}],"wp:attachment":[{"href":"https:\/\/mamtajhariaart.com\/it\/wp-json\/wp\/v2\/media?parent=1917"}],"wp:term":[{"taxonomy":"product_brand","embeddable":true,"href":"https:\/\/mamtajhariaart.com\/it\/wp-json\/wp\/v2\/product_brand?post=1917"},{"taxonomy":"product_cat","embeddable":true,"href":"https:\/\/mamtajhariaart.com\/it\/wp-json\/wp\/v2\/product_cat?post=1917"},{"taxonomy":"product_tag","embeddable":true,"href":"https:\/\/mamtajhariaart.com\/it\/wp-json\/wp\/v2\/product_tag?post=1917"}],"curies":[{"name":"wp","href":"https:\/\/api.w.org\/{rel}","templated":true}]}}