{"id":1924,"date":"2025-08-01T01:42:45","date_gmt":"2025-07-31T23:42:45","guid":{"rendered":"https:\/\/mamtajhariaart.com\/product\/towel-2\/"},"modified":"2026-03-04T23:39:32","modified_gmt":"2026-03-04T22:39:32","slug":"towel-2","status":"publish","type":"product","link":"https:\/\/mamtajhariaart.com\/it\/prodotto\/towel-2\/","title":{"rendered":"Asciugamano da spiaggia con arte astratta e vibrante - Grande, ad asciugatura rapida e senza sabbia | Collezione MJ"},"content":{"rendered":"<p>Si avvolga nell'arte da toccare con questo asciugamano da spiaggia Vibrant Abstract Art della collezione firmata MJ. Ricco di colori dinamici e di tratti audaci, questo asciugamano oversize trasforma le sue giornate in spiaggia, in piscina o nella spa in una fuga di stile.<\/p>\n<p>Realizzato con un pregiato misto cotone-poliestere, offre una morbidezza lussuosa, un'asciugatura rapida e una superficie priva di sabbia, in modo da potersi concentrare sul relax in tutta comodit\u00e0 e stile. La grafica vivace e resistente allo sbiadimento assicura che il suo asciugamano rimanga accattivante stagione dopo stagione.<\/p>\n<p>Perch\u00e9 le piacer\u00e0:<\/p>\n<p>Opera d'arte originale MJ - Audace design astratto ispirato all'arte contemporanea<\/p>\n<p>Qualit\u00e0 Premium - cotone 52% (USA) \/ cotone 50% (UE) con poliestere per la durata.<\/p>\n<p>Comfort oversize - 76 \u00d7 152 cm per una copertura totale e per rilassarsi in spiaggia<\/p>\n<p>Asciugatura rapida e senza sabbia - Si goda una giornata tranquilla e senza stress in riva al mare.<\/p>\n<p>Eco-Consapevole - Realizzato su richiesta per ridurre gli sprechi e la sovrapproduzione.<\/p>\n<p>Perfetto per gli amanti della spiaggia, per gli appassionati d'arte e per tutti coloro che vogliono distinguersi, questo asciugamano \u00e8 pi\u00f9 di un accessorio: \u00e8 un argomento di conversazione.<\/p>\n<p>- Composizione del tessuto negli Stati Uniti: cotone 52%, poliestere 48%<br \/>\n- Composizione del tessuto in EU: 50% cotone, 50% poliestere<br \/>\n- Peso del tessuto negli Stati Uniti: 10,6 oz.\/yd.\u00b2 (360 g\/m\u00b2)<br \/>\n- Peso del tessuto in EU: 11,8 oz.\/yd.\u00b2 (400 g\/m\u00b2)<br \/>\n- Dimensioni: 30\u2033 \u00d7 60\u2033 \u00d7 0,28\u2033 (76 \u00d7 152 \u00d7 0,7 cm)<br \/>\n- Stampato solo su un lato<br \/>\n- Il lato non stampato \u00e8 realizzato in tessuto di spugna, rendendo l'asciugamano pi\u00f9 assorbente.<br \/>\n- Prodotto vuoto proveniente dalla Cina<\/p>\n<p>Questo prodotto viene realizzato appositamente per lei nel momento in cui effettua l'ordine, per questo ci vuole un po' pi\u00f9 di tempo per consegnarglielo. Realizzare prodotti su richiesta invece che in grandi quantit\u00e0 aiuta a ridurre la sovrapproduzione, quindi la ringraziamo per aver preso decisioni di acquisto ponderate!<\/p>\n<p>- Contiene poliestere riciclato 0%<br \/>\n- Contiene 0% sostanze pericolose<\/p>\n<p>Restrizioni di et\u00e0: Per gli adulti<br \/>\nGaranzia UE: 2 anni<br \/>\nAltre informazioni sulla conformit\u00e0: Soddisfa i requisiti dei livelli di coloranti azoici, formaldeide, BPA, infiammabilit\u00e0, piombo e ftalati.<\/p>\n<p>In conformit\u00e0 con il Regolamento Generale sulla Sicurezza dei Prodotti (GPSR), <b>MJ Art<\/b> garantisce che tutti i prodotti di consumo offerti siano sicuri e conformi agli standard dell'UE. Per qualsiasi richiesta o dubbio relativo alla sicurezza dei prodotti, la invitiamo a contattarci a <b>infomamtajhariaart@gmail.com<\/b> oppure ci scriva <b>via Nino Arcidiacono Riposto Catania italy.<b \/><\/p>","protected":false},"excerpt":{"rendered":"<p>Wrap yourself in art you can feel with this Vibrant Abstract Art Beach Towel from MJ\u2019s signature collection. Bursting with&#8230;<\/p>","protected":false},"featured_media":1925,"comment_status":"open","ping_status":"closed","template":"","meta":[],"product_brand":[],"product_cat":[461,15,396,395],"product_tag":[],"class_list":{"0":"post-1924","1":"product","2":"type-product","3":"status-publish","4":"has-post-thumbnail","6":"product_cat-accessories","7":"product_cat-modern-art-prints","8":"product_cat-artistic-beachwear-for-women","9":"product_cat-abstract-art-beach-and-bath-towels","11":"first","12":"instock","13":"taxable","14":"shipping-taxable","15":"purchasable","16":"product-type-simple"},"_links":{"self":[{"href":"https:\/\/mamtajhariaart.com\/it\/wp-json\/wp\/v2\/product\/1924","targetHints":{"allow":["GET"]}}],"collection":[{"href":"https:\/\/mamtajhariaart.com\/it\/wp-json\/wp\/v2\/product"}],"about":[{"href":"https:\/\/mamtajhariaart.com\/it\/wp-json\/wp\/v2\/types\/product"}],"replies":[{"embeddable":true,"href":"https:\/\/mamtajhariaart.com\/it\/wp-json\/wp\/v2\/comments?post=1924"}],"wp:featuredmedia":[{"embeddable":true,"href":"https:\/\/mamtajhariaart.com\/it\/wp-json\/wp\/v2\/media\/1925"}],"wp:attachment":[{"href":"https:\/\/mamtajhariaart.com\/it\/wp-json\/wp\/v2\/media?parent=1924"}],"wp:term":[{"taxonomy":"product_brand","embeddable":true,"href":"https:\/\/mamtajhariaart.com\/it\/wp-json\/wp\/v2\/product_brand?post=1924"},{"taxonomy":"product_cat","embeddable":true,"href":"https:\/\/mamtajhariaart.com\/it\/wp-json\/wp\/v2\/product_cat?post=1924"},{"taxonomy":"product_tag","embeddable":true,"href":"https:\/\/mamtajhariaart.com\/it\/wp-json\/wp\/v2\/product_tag?post=1924"}],"curies":[{"name":"wp","href":"https:\/\/api.w.org\/{rel}","templated":true}]}}