{"id":2421,"date":"2025-08-02T02:23:22","date_gmt":"2025-08-02T00:23:22","guid":{"rendered":"https:\/\/mamtajhariaart.com\/product\/unisex-t-shirt-2\/"},"modified":"2026-03-04T23:39:30","modified_gmt":"2026-03-04T22:39:30","slug":"unisex-t-shirt-2","status":"publish","type":"product","link":"https:\/\/mamtajhariaart.com\/it\/prodotto\/unisex-t-shirt-2\/","title":{"rendered":"Maglietta unisex"},"content":{"rendered":"<p>Questa t-shirt \u00e8 tutto ci\u00f2 che ha sognato e anche di pi\u00f9. \u00c8 morbida e leggera, con la giusta quantit\u00e0 di elasticit\u00e0. \u00c8 confortevole e lusinghiera per tutti.<\/p>\n<p>- 100% cotone pettinato e filato ad anelli (i colori Heather contengono poliestere)<br \/>\n- Peso del tessuto: 4,2 oz.\/yd.\u00b2 (142 g\/m\u00b2)<br \/>\n- Tessuto pre-ristretto<br \/>\n- Costruzione con cuciture laterali<br \/>\n- Taping spalla a spalla<br \/>\n- Prodotto vuoto proveniente da Nicaragua, Messico, Honduras o Stati Uniti.<\/p>\n<p>- Tracciabilit\u00e0:<br \/>\n- Tessitura - India, Corea del Sud<br \/>\n- Tintura - El Salvador, California<br \/>\n- Produzione: Nicaragua, Messico, Honduras o Stati Uniti.<br \/>\n- Contiene poliestere riciclato 0%<br \/>\n- Contiene 0% sostanze pericolose<\/p>","protected":false},"excerpt":{"rendered":"<p>This t-shirt is everything you&#8217;ve dreamed of and more. It feels soft and lightweight, with the right amount of stretch&#8230;.<\/p>","protected":false},"featured_media":2449,"comment_status":"open","ping_status":"closed","template":"","meta":[],"product_brand":[],"product_cat":[446,452],"product_tag":[],"class_list":{"0":"post-2421","1":"product","2":"type-product","3":"status-publish","4":"has-post-thumbnail","6":"product_cat-artistic-mens-clothing","7":"product_cat-artistic-mens-t-shirts","8":"pa_color-army","9":"pa_color-asphalt","10":"pa_color-black","11":"pa_color-forest","12":"pa_color-navy","13":"pa_size-2xl","14":"pa_size-l","15":"pa_size-m","16":"pa_size-s","17":"pa_size-xl","18":"pa_size-xs","20":"first","21":"instock","22":"taxable","23":"shipping-taxable","24":"purchasable","25":"product-type-variable"},"_links":{"self":[{"href":"https:\/\/mamtajhariaart.com\/it\/wp-json\/wp\/v2\/product\/2421","targetHints":{"allow":["GET"]}}],"collection":[{"href":"https:\/\/mamtajhariaart.com\/it\/wp-json\/wp\/v2\/product"}],"about":[{"href":"https:\/\/mamtajhariaart.com\/it\/wp-json\/wp\/v2\/types\/product"}],"replies":[{"embeddable":true,"href":"https:\/\/mamtajhariaart.com\/it\/wp-json\/wp\/v2\/comments?post=2421"}],"wp:featuredmedia":[{"embeddable":true,"href":"https:\/\/mamtajhariaart.com\/it\/wp-json\/wp\/v2\/media\/2449"}],"wp:attachment":[{"href":"https:\/\/mamtajhariaart.com\/it\/wp-json\/wp\/v2\/media?parent=2421"}],"wp:term":[{"taxonomy":"product_brand","embeddable":true,"href":"https:\/\/mamtajhariaart.com\/it\/wp-json\/wp\/v2\/product_brand?post=2421"},{"taxonomy":"product_cat","embeddable":true,"href":"https:\/\/mamtajhariaart.com\/it\/wp-json\/wp\/v2\/product_cat?post=2421"},{"taxonomy":"product_tag","embeddable":true,"href":"https:\/\/mamtajhariaart.com\/it\/wp-json\/wp\/v2\/product_tag?post=2421"}],"curies":[{"name":"wp","href":"https:\/\/api.w.org\/{rel}","templated":true}]}}