{"id":2839,"date":"2025-08-03T23:39:20","date_gmt":"2025-08-03T21:39:20","guid":{"rendered":"https:\/\/mamtajhariaart.com\/product\/copy-of-colorful-pu-leather-shoulder-bag-vibrant-tote-for-everyday-use-stylish-handbag-unique-gift-for-her-fashion-accessory-weekend-bag-2\/"},"modified":"2026-03-04T23:39:27","modified_gmt":"2026-03-04T22:39:27","slug":"copy-of-colorful-pu-leather-shoulder-bag-vibrant-tote-for-everyday-use-stylish-handbag-unique-gift-for-her-fashion-accessory-weekend-bag-2","status":"publish","type":"product","link":"https:\/\/mamtajhariaart.com\/it\/prodotto\/copy-of-colorful-pu-leather-shoulder-bag-vibrant-tote-for-everyday-use-stylish-handbag-unique-gift-for-her-fashion-accessory-weekend-bag-2\/","title":{"rendered":"Copia di Borsa a tracolla in pelle PU colorata - Tote vivace per uso quotidiano, borsa elegante, regalo unico per lei, accessorio di moda, borsa per il weekend"},"content":{"rendered":"<p>Elevi il suo stile con questa elegante borsa a tracolla in pelle PU, progettata per fondere perfettamente funzionalit\u00e0 e moda. Realizzata in pelle PU 100%, imita la sensazione lussuosa della vera pelle e si distingue per le stampe vivaci che riflettono la sua personalit\u00e0 unica. Che vada al lavoro, esca con gli amici o si goda una giornata informale, questa borsa \u00e8 la sua compagna perfetta. I suoi manici regolabili aggiungono comfort, rendendola facile da trasportare ovunque la vita la porti. Ideale per coloro che apprezzano l'arte e lo stile, questa borsa \u00e8 adatta a persone che apprezzano sia l'estetica che la praticit\u00e0. Perfetta da regalare in occasione di feste, compleanni o semplicemente come regalo per s\u00e9, \u00e8 un accessorio indispensabile che aggiunge un tocco di stile a qualsiasi abbigliamento.<\/p>\n<p>Caratteristiche del prodotto<br \/>- Realizzato in pelle PU di alta qualit\u00e0 100% per un aspetto e una sensazione autentici.<br \/>- Presenta colori vivaci ottenuti grazie a tecniche di stampa avanzate.<br \/>- Comode maniglie regolabili per opzioni di trasporto personalizzabili.<br \/>- Tasca aggiuntiva con cerniera per riporre in modo sicuro le cose, oltre a due tasche aperte per un facile accesso.<br \/>- La stampa su due lati aggiunge versatilit\u00e0 e stile alla sua borsa.<\/p>\n<p>Istruzioni per la cura<br \/>- Non lavare a secco<br \/>- Non esponga al sole, conservi in un luogo asciutto<br \/>- Prima di pulire la borsa, rimuova tutti gli articoli dalla borsa. Si consiglia di pretrattare le macchie visibili con uno smacchiatore. Mescoli acqua calda con detersivo per bucato e pulisca la borsa con un panno di spugna o una spazzola a setole morbide. Lasci asciugare la borsa all'aria.<\/p>","protected":false},"excerpt":{"rendered":"<p>Elevate your style with this chic PU Leather Shoulder Bag, designed to seamlessly blend functionality with fashion. Crafted from 100%&#8230;<\/p>","protected":false},"featured_media":2842,"comment_status":"open","ping_status":"closed","template":"","meta":[],"product_brand":[],"product_cat":[461,451,373,15,467,445],"product_tag":[],"class_list":{"0":"post-2839","1":"product","2":"type-product","3":"status-publish","4":"has-post-thumbnail","6":"product_cat-accessories","7":"product_cat-womens-accessories","8":"product_cat-bags","9":"product_cat-modern-art-prints","10":"product_cat-product-category-artist-designed-leather-bags","11":"product_cat-artistic-womens-accessories","13":"first","14":"instock","15":"taxable","16":"shipping-taxable","17":"purchasable","18":"product-type-variable","19":"has-default-attributes"},"_links":{"self":[{"href":"https:\/\/mamtajhariaart.com\/it\/wp-json\/wp\/v2\/product\/2839","targetHints":{"allow":["GET"]}}],"collection":[{"href":"https:\/\/mamtajhariaart.com\/it\/wp-json\/wp\/v2\/product"}],"about":[{"href":"https:\/\/mamtajhariaart.com\/it\/wp-json\/wp\/v2\/types\/product"}],"replies":[{"embeddable":true,"href":"https:\/\/mamtajhariaart.com\/it\/wp-json\/wp\/v2\/comments?post=2839"}],"wp:featuredmedia":[{"embeddable":true,"href":"https:\/\/mamtajhariaart.com\/it\/wp-json\/wp\/v2\/media\/2842"}],"wp:attachment":[{"href":"https:\/\/mamtajhariaart.com\/it\/wp-json\/wp\/v2\/media?parent=2839"}],"wp:term":[{"taxonomy":"product_brand","embeddable":true,"href":"https:\/\/mamtajhariaart.com\/it\/wp-json\/wp\/v2\/product_brand?post=2839"},{"taxonomy":"product_cat","embeddable":true,"href":"https:\/\/mamtajhariaart.com\/it\/wp-json\/wp\/v2\/product_cat?post=2839"},{"taxonomy":"product_tag","embeddable":true,"href":"https:\/\/mamtajhariaart.com\/it\/wp-json\/wp\/v2\/product_tag?post=2839"}],"curies":[{"name":"wp","href":"https:\/\/api.w.org\/{rel}","templated":true}]}}