{"id":3296,"date":"2025-08-09T01:27:23","date_gmt":"2025-08-08T23:27:23","guid":{"rendered":"https:\/\/mamtajhariaart.com\/product\/copy-of-stairway-of-dreams-leather-bag-surreal-abstract-art-design-by-mj-art\/"},"modified":"2026-03-04T23:39:22","modified_gmt":"2026-03-04T22:39:22","slug":"copy-of-stairway-of-dreams-leather-bag-surreal-abstract-art-design-by-mj-art","status":"publish","type":"product","link":"https:\/\/mamtajhariaart.com\/it\/prodotto\/copy-of-stairway-of-dreams-leather-bag-surreal-abstract-art-design-by-mj-art\/","title":{"rendered":"Scala dei sogni - Borsa in pelle di MJ Art"},"content":{"rendered":"<p>Trasportate la vostra immaginazione con stile con il <strong>Borsa in pelle Stairway of Dreams<\/strong> da <strong>MJ Art<\/strong>. Questo pezzo forte mette in mostra l'originale opera d'arte astratta surreale di MJ: una scala vivace che sale verso un sole radioso, che simboleggia <strong>la speranza, la trasformazione e l'ascesa verso il suo io pi\u00f9 elevato<\/strong>.<\/p>\n<p>La composizione fonde una ricca tavolozza di <strong>rossi infuocati, arancioni luminosi e verdi vivaci.<\/strong> contro la silhouette scura ed elegante di un albero astratto - un contrasto che trasforma la borsa in <strong>un pezzo degno di una galleria che pu\u00f2 portare con s\u00e9<\/strong>.<\/p>\n<p>Potrebbe incorniciare questo pezzo come <strong>\"La borsa delle dichiarazioni\"<\/strong> - minimo nella struttura, massimo nella personalit\u00e0. L'opera d'arte \u00e8 un <strong>espressione dell'individualit\u00e0 in un mondo di uniformit\u00e0<\/strong>Si rivolge a coloro che scelgono accessori che sono diversi di proposito.<\/p>\n<p>Realizzato a mano da <strong>100% pelle PU di alta qualit\u00e0<\/strong>La borsa Stairway of Dreams combina <strong>bellezza artistica con qualit\u00e0 duratura<\/strong>. Il suo design versatile lo rende adatto anche per <strong>elevare il suo stile quotidiano<\/strong> o di aggiungere un tocco distintivo a <strong>occasioni speciali<\/strong>.<\/p>\n<p>Caratteristiche del prodotto<\/p>\n<p>- Realizzato in pelle PU di alta qualit\u00e0 100% per un aspetto e una sensazione autentici.<\/p>\n<p>- Presenta colori vivaci ottenuti grazie a tecniche di stampa avanzate.<\/p>\n<p>- Comode maniglie regolabili per opzioni di trasporto personalizzabili.<\/p>\n<p>- Tasca aggiuntiva con cerniera per riporre in modo sicuro le cose, oltre a due tasche aperte per un facile accesso.<\/p>\n<p>- La stampa su due lati aggiunge versatilit\u00e0 e stile alla sua borsa.<\/p>\n<\/p>\n<p>Istruzioni per la cura<\/p>\n<p>- Non lavare a secco<\/p>\n<p>- Non esponga al sole, conservi in un luogo asciutto<\/p>\n<p>- Prima di pulire la borsa, rimuova tutti gli articoli dalla borsa. Si consiglia di pretrattare le macchie visibili con uno smacchiatore. Mescoli acqua calda con detersivo per bucato e pulisca la borsa con un panno di spugna o una spazzola a setole morbide. Lasci asciugare la borsa all'aria.<\/p>","protected":false},"excerpt":{"rendered":"<p>Carry your imagination in style with the Stairway of Dreams Leather Bag from MJ Art. This statement piece showcases MJ\u2019s&#8230;<\/p>","protected":false},"featured_media":3318,"comment_status":"open","ping_status":"closed","template":"","meta":[],"product_brand":[],"product_cat":[461,451,373,15,467,445],"product_tag":[],"class_list":{"0":"post-3296","1":"product","2":"type-product","3":"status-publish","4":"has-post-thumbnail","6":"product_cat-accessories","7":"product_cat-womens-accessories","8":"product_cat-bags","9":"product_cat-modern-art-prints","10":"product_cat-product-category-artist-designed-leather-bags","11":"product_cat-artistic-womens-accessories","13":"first","14":"instock","15":"taxable","16":"shipping-taxable","17":"purchasable","18":"product-type-variable","19":"has-default-attributes"},"_links":{"self":[{"href":"https:\/\/mamtajhariaart.com\/it\/wp-json\/wp\/v2\/product\/3296","targetHints":{"allow":["GET"]}}],"collection":[{"href":"https:\/\/mamtajhariaart.com\/it\/wp-json\/wp\/v2\/product"}],"about":[{"href":"https:\/\/mamtajhariaart.com\/it\/wp-json\/wp\/v2\/types\/product"}],"replies":[{"embeddable":true,"href":"https:\/\/mamtajhariaart.com\/it\/wp-json\/wp\/v2\/comments?post=3296"}],"wp:featuredmedia":[{"embeddable":true,"href":"https:\/\/mamtajhariaart.com\/it\/wp-json\/wp\/v2\/media\/3318"}],"wp:attachment":[{"href":"https:\/\/mamtajhariaart.com\/it\/wp-json\/wp\/v2\/media?parent=3296"}],"wp:term":[{"taxonomy":"product_brand","embeddable":true,"href":"https:\/\/mamtajhariaart.com\/it\/wp-json\/wp\/v2\/product_brand?post=3296"},{"taxonomy":"product_cat","embeddable":true,"href":"https:\/\/mamtajhariaart.com\/it\/wp-json\/wp\/v2\/product_cat?post=3296"},{"taxonomy":"product_tag","embeddable":true,"href":"https:\/\/mamtajhariaart.com\/it\/wp-json\/wp\/v2\/product_tag?post=3296"}],"curies":[{"name":"wp","href":"https:\/\/api.w.org\/{rel}","templated":true}]}}