{"id":3398,"date":"2025-08-11T01:28:17","date_gmt":"2025-08-10T23:28:17","guid":{"rendered":"https:\/\/mamtajhariaart.com\/product\/nature-within-abstract-feminine-art-vegan-leather-bag\/"},"modified":"2026-03-04T23:39:19","modified_gmt":"2026-03-04T22:39:19","slug":"nature-within-abstract-feminine-art-vegan-leather-bag","status":"publish","type":"product","link":"https:\/\/mamtajhariaart.com\/it\/prodotto\/nature-within-abstract-feminine-art-vegan-leather-bag\/","title":{"rendered":"Nature Within - Borsa in pelle vegana di arte astratta femminile"},"content":{"rendered":"<p>Il <em>Natura interiore - Arte femminile astratta<\/em> La borsa in pelle vegana \u00e8 il luogo in cui l'arte incontra la compassione. Realizzata in pelle vegana di prima qualit\u00e0, \u00e8 caratterizzata da un design che fonde le curve fluide di una silhouette femminile con il profilo delicato di un albero bianco. Questa unione simbolica di forza e natura \u00e8 resa in toni terrosi e texture sottili, creando un equilibrio armonioso. Pi\u00f9 che una borsa da trasporto, \u00e8 una dichiarazione indossabile di stile, consapevolezza e sostenibilit\u00e0, perfetta per gli amanti dell'arte, gli appassionati della natura e gli amanti della moda consapevole. <\/p>\n<h3><strong>Caratteristiche del prodotto<\/strong><\/h3>\n<ul>\n<li>Realizzato in <strong>pelle vegana premium<\/strong> per un aspetto e una sensazione autentici con un tocco etico.<\/li>\n<li><strong>Colori vibranti e duraturi<\/strong> ottenuta grazie a tecniche di stampa avanzate.<\/li>\n<li>- Presenta colori vivaci ottenuti grazie a tecniche di stampa avanzate.<\/li>\n<li>- Comode maniglie regolabili per opzioni di trasporto personalizzabili.<\/li>\n<li>- Tasca aggiuntiva con cerniera per riporre in modo sicuro le cose, oltre a due tasche aperte per un facile accesso.<\/li>\n<li>- La stampa su due lati aggiunge versatilit\u00e0 e stile alla sua borsa.<\/li>\n<\/ul>\n<p>Istruzioni per la cura<\/p>\n<p>- Non lavare a secco<\/p>\n<p>- Non esponga al sole, conservi in un luogo asciutto<\/p>\n<p>- Prima di pulire la borsa, rimuova tutti gli articoli dalla borsa. Si consiglia di pretrattare le macchie visibili con uno smacchiatore. Mescoli acqua calda con detersivo per bucato e pulisca la borsa con un panno di spugna o una spazzola a setole morbide. Lasci asciugare la borsa all'aria.<\/p>","protected":false},"excerpt":{"rendered":"<p>The Nature Within \u2013 Abstract Feminine Art Vegan Leather Bag is where artistry meets compassion. Crafted from premium vegan leather,&#8230;<\/p>","protected":false},"featured_media":3401,"comment_status":"open","ping_status":"closed","template":"","meta":[],"product_brand":[],"product_cat":[451,373,15,467,445],"product_tag":[],"class_list":{"0":"post-3398","1":"product","2":"type-product","3":"status-publish","4":"has-post-thumbnail","6":"product_cat-womens-accessories","7":"product_cat-bags","8":"product_cat-modern-art-prints","9":"product_cat-product-category-artist-designed-leather-bags","10":"product_cat-artistic-womens-accessories","12":"first","13":"instock","14":"taxable","15":"shipping-taxable","16":"purchasable","17":"product-type-variable","18":"has-default-attributes"},"_links":{"self":[{"href":"https:\/\/mamtajhariaart.com\/it\/wp-json\/wp\/v2\/product\/3398","targetHints":{"allow":["GET"]}}],"collection":[{"href":"https:\/\/mamtajhariaart.com\/it\/wp-json\/wp\/v2\/product"}],"about":[{"href":"https:\/\/mamtajhariaart.com\/it\/wp-json\/wp\/v2\/types\/product"}],"replies":[{"embeddable":true,"href":"https:\/\/mamtajhariaart.com\/it\/wp-json\/wp\/v2\/comments?post=3398"}],"wp:featuredmedia":[{"embeddable":true,"href":"https:\/\/mamtajhariaart.com\/it\/wp-json\/wp\/v2\/media\/3401"}],"wp:attachment":[{"href":"https:\/\/mamtajhariaart.com\/it\/wp-json\/wp\/v2\/media?parent=3398"}],"wp:term":[{"taxonomy":"product_brand","embeddable":true,"href":"https:\/\/mamtajhariaart.com\/it\/wp-json\/wp\/v2\/product_brand?post=3398"},{"taxonomy":"product_cat","embeddable":true,"href":"https:\/\/mamtajhariaart.com\/it\/wp-json\/wp\/v2\/product_cat?post=3398"},{"taxonomy":"product_tag","embeddable":true,"href":"https:\/\/mamtajhariaart.com\/it\/wp-json\/wp\/v2\/product_tag?post=3398"}],"curies":[{"name":"wp","href":"https:\/\/api.w.org\/{rel}","templated":true}]}}