{"id":3431,"date":"2025-08-11T02:01:39","date_gmt":"2025-08-11T00:01:39","guid":{"rendered":"https:\/\/mamtajhariaart.com\/product\/golden-bloom-vegan-leather-bag-by-mj\/"},"modified":"2026-03-04T23:39:18","modified_gmt":"2026-03-04T22:39:18","slug":"golden-bloom-vegan-leather-bag-by-mj","status":"publish","type":"product","link":"https:\/\/mamtajhariaart.com\/it\/prodotto\/golden-bloom-vegan-leather-bag-by-mj\/","title":{"rendered":"Golden Bloom - Borsa in pelle vegana di MJ"},"content":{"rendered":"<p>Immagini di uscire nel mondo portando con s\u00e9 non solo una borsa... ma un'opera d'arte vivente.<\/p>\n<p>Il <em>Fiore d'oro<\/em> attira ogni sguardo con il suo oro profondo e fuso e la sua ricca base cremisi, sbocciando con esplosioni di fiori vibranti che sembrano quasi vivi. Ogni petalo danza con i colori, ricordando giardini lontani e caldi tramonti.<\/p>\n<p>Realizzata in pelle vegana di prima qualit\u00e0, questa borsa non si limita a contenere i suoi oggetti essenziali, ma porta con s\u00e9 la sua presenza. \u00c8 il tipo di pezzo che ferma gli estranei a met\u00e0 strada, il tipo che ricorderanno a lungo dopo che lei se ne sar\u00e0 andato.<\/p>\n<p>Abbastanza spazioso per il giorno, abbastanza elegante per la sera, <em>Fiore d'oro<\/em> \u00e8 pi\u00f9 di un accessorio... \u00e8 una dichiarazione, una firma e una dichiarazione silenziosa che lei \u00e8 nato per distinguersi.<\/p>\n<p>\ud83c\udf38 <strong>Porta con s\u00e9 la bellezza. Porta con s\u00e9 la fiducia. Portare <em>Fiore d'oro<\/em>.<\/strong><\/p>\n<h3><strong>Caratteristiche del prodotto<\/strong><\/h3>\n<ul>\n<li>Realizzato in <strong>pelle vegana premium<\/strong> per un aspetto e una sensazione autentici con un tocco etico.<\/li>\n<li><strong>Colori vibranti e duraturi<\/strong> ottenuta grazie a tecniche di stampa avanzate.<\/li>\n<li>- Presenta colori vivaci ottenuti grazie a tecniche di stampa avanzate.<\/li>\n<li>- Comode maniglie regolabili per opzioni di trasporto personalizzabili.<\/li>\n<li>- Tasca aggiuntiva con cerniera per riporre in modo sicuro le cose, oltre a due tasche aperte per un facile accesso.<\/li>\n<li>- La stampa su due lati aggiunge versatilit\u00e0 e stile alla sua borsa.<\/li>\n<\/ul>\n<p>Istruzioni per la cura<\/p>\n<p>- Non lavare a secco<\/p>\n<p>- Non esponga al sole, conservi in un luogo asciutto<\/p>\n<p>- Prima di pulire la borsa, rimuova tutti gli articoli dalla borsa. Si consiglia di pretrattare le macchie visibili con uno smacchiatore. Mescoli acqua calda con detersivo per bucato e pulisca la borsa con un panno di spugna o una spazzola a setole morbide. Lasci asciugare la borsa all'aria.<\/p>","protected":false},"excerpt":{"rendered":"<p>Imagine stepping out into the world carrying not just a bag\u2026 but a piece of living art. The Golden Bloom&#8230;<\/p>","protected":false},"featured_media":3434,"comment_status":"open","ping_status":"closed","template":"","meta":[],"product_brand":[],"product_cat":[451,373,15,467,445],"product_tag":[],"class_list":{"0":"post-3431","1":"product","2":"type-product","3":"status-publish","4":"has-post-thumbnail","6":"product_cat-womens-accessories","7":"product_cat-bags","8":"product_cat-modern-art-prints","9":"product_cat-product-category-artist-designed-leather-bags","10":"product_cat-artistic-womens-accessories","12":"first","13":"instock","14":"taxable","15":"shipping-taxable","16":"purchasable","17":"product-type-variable","18":"has-default-attributes"},"_links":{"self":[{"href":"https:\/\/mamtajhariaart.com\/it\/wp-json\/wp\/v2\/product\/3431","targetHints":{"allow":["GET"]}}],"collection":[{"href":"https:\/\/mamtajhariaart.com\/it\/wp-json\/wp\/v2\/product"}],"about":[{"href":"https:\/\/mamtajhariaart.com\/it\/wp-json\/wp\/v2\/types\/product"}],"replies":[{"embeddable":true,"href":"https:\/\/mamtajhariaart.com\/it\/wp-json\/wp\/v2\/comments?post=3431"}],"wp:featuredmedia":[{"embeddable":true,"href":"https:\/\/mamtajhariaart.com\/it\/wp-json\/wp\/v2\/media\/3434"}],"wp:attachment":[{"href":"https:\/\/mamtajhariaart.com\/it\/wp-json\/wp\/v2\/media?parent=3431"}],"wp:term":[{"taxonomy":"product_brand","embeddable":true,"href":"https:\/\/mamtajhariaart.com\/it\/wp-json\/wp\/v2\/product_brand?post=3431"},{"taxonomy":"product_cat","embeddable":true,"href":"https:\/\/mamtajhariaart.com\/it\/wp-json\/wp\/v2\/product_cat?post=3431"},{"taxonomy":"product_tag","embeddable":true,"href":"https:\/\/mamtajhariaart.com\/it\/wp-json\/wp\/v2\/product_tag?post=3431"}],"curies":[{"name":"wp","href":"https:\/\/api.w.org\/{rel}","templated":true}]}}