{"id":3442,"date":"2025-08-11T02:11:28","date_gmt":"2025-08-11T00:11:28","guid":{"rendered":"https:\/\/mamtajhariaart.com\/product\/eclipse-muse-abstract-art-vegan-leather-bag-by-mj\/"},"modified":"2026-03-04T23:39:17","modified_gmt":"2026-03-04T22:39:17","slug":"eclipse-muse-abstract-art-vegan-leather-bag-by-mj","status":"publish","type":"product","link":"https:\/\/mamtajhariaart.com\/it\/prodotto\/eclipse-muse-abstract-art-vegan-leather-bag-by-mj\/","title":{"rendered":"Eclipse Muse - Borsa in pelle vegana con arte astratta di MJ"},"content":{"rendered":"<p>Entri in un mondo in cui l'arte incontra l'eleganza.<\/p>\n<p> Il <em>Eclissi Muse<\/em> \u00e8 pi\u00f9 di una borsa: \u00e8 una tela che pu\u00f2 portare con s\u00e9. Realizzata in pelle vegana di alta qualit\u00e0, presenta un'accattivante fusione di linee minimaliste e audaci tratti dipinti a mano ispirati a quadri astratti originali.<\/p>\n<p>Con la sua elegante asimmetria - lo spazio bianco puro che si fonde con un colore vibrante e fluente - questa tote trasforma ogni sguardo in un intrigo. Leggera e resistente, \u00e8 perfetta per chi vive con stile, sia che passeggi per le strade della citt\u00e0 o che entri nella sala riunioni.<\/p>\n<h3><strong>Caratteristiche del prodotto<\/strong><\/h3>\n<ul>\n<li>Realizzato in <strong>pelle vegana premium<\/strong> per un aspetto e una sensazione autentici con un tocco etico.<\/li>\n<li><strong>Colori vibranti e duraturi<\/strong> ottenuta grazie a tecniche di stampa avanzate.<\/li>\n<li>- Presenta colori vivaci ottenuti grazie a tecniche di stampa avanzate.<\/li>\n<li>- Comode maniglie regolabili per opzioni di trasporto personalizzabili.<\/li>\n<li>- Tasca aggiuntiva con cerniera per riporre in modo sicuro le cose, oltre a due tasche aperte per un facile accesso.<\/li>\n<li>- La stampa su due lati aggiunge versatilit\u00e0 e stile alla sua borsa.<\/li>\n<\/ul>\n<p>Istruzioni per la cura<\/p>\n<p>- Non lavare a secco<\/p>\n<p>- Non esponga al sole, conservi in un luogo asciutto<\/p>\n<p>- Prima di pulire la borsa, rimuova tutti gli articoli dalla borsa. Si consiglia di pretrattare le macchie visibili con uno smacchiatore. Mescoli acqua calda con detersivo per bucato e pulisca la borsa con un panno di spugna o una spazzola a setole morbide. Lasci asciugare la borsa all'aria.<\/p>","protected":false},"excerpt":{"rendered":"<p>Step into a world where art meets elegance. The Eclipse Muse is more than a bag \u2014 it\u2019s a canvas&#8230;<\/p>","protected":false},"featured_media":3445,"comment_status":"open","ping_status":"closed","template":"","meta":[],"product_brand":[],"product_cat":[451,373,15,467,445],"product_tag":[],"class_list":{"0":"post-3442","1":"product","2":"type-product","3":"status-publish","4":"has-post-thumbnail","6":"product_cat-womens-accessories","7":"product_cat-bags","8":"product_cat-modern-art-prints","9":"product_cat-product-category-artist-designed-leather-bags","10":"product_cat-artistic-womens-accessories","12":"first","13":"instock","14":"taxable","15":"shipping-taxable","16":"purchasable","17":"product-type-variable","18":"has-default-attributes"},"_links":{"self":[{"href":"https:\/\/mamtajhariaart.com\/it\/wp-json\/wp\/v2\/product\/3442","targetHints":{"allow":["GET"]}}],"collection":[{"href":"https:\/\/mamtajhariaart.com\/it\/wp-json\/wp\/v2\/product"}],"about":[{"href":"https:\/\/mamtajhariaart.com\/it\/wp-json\/wp\/v2\/types\/product"}],"replies":[{"embeddable":true,"href":"https:\/\/mamtajhariaart.com\/it\/wp-json\/wp\/v2\/comments?post=3442"}],"wp:featuredmedia":[{"embeddable":true,"href":"https:\/\/mamtajhariaart.com\/it\/wp-json\/wp\/v2\/media\/3445"}],"wp:attachment":[{"href":"https:\/\/mamtajhariaart.com\/it\/wp-json\/wp\/v2\/media?parent=3442"}],"wp:term":[{"taxonomy":"product_brand","embeddable":true,"href":"https:\/\/mamtajhariaart.com\/it\/wp-json\/wp\/v2\/product_brand?post=3442"},{"taxonomy":"product_cat","embeddable":true,"href":"https:\/\/mamtajhariaart.com\/it\/wp-json\/wp\/v2\/product_cat?post=3442"},{"taxonomy":"product_tag","embeddable":true,"href":"https:\/\/mamtajhariaart.com\/it\/wp-json\/wp\/v2\/product_tag?post=3442"}],"curies":[{"name":"wp","href":"https:\/\/api.w.org\/{rel}","templated":true}]}}