{"id":3462,"date":"2025-08-11T22:44:54","date_gmt":"2025-08-11T20:44:54","guid":{"rendered":"https:\/\/mamtajhariaart.com\/product\/towel-3\/"},"modified":"2026-03-04T23:39:17","modified_gmt":"2026-03-04T22:39:17","slug":"towel-3","status":"publish","type":"product","link":"https:\/\/mamtajhariaart.com\/it\/prodotto\/towel-3\/","title":{"rendered":"Asciugamano da spiaggia MJ Art - L'eleganza astratta incontra la libert\u00e0 dell'oceano"},"content":{"rendered":"<p>Si avvolga nell'arte.<br \/>\nQuesto non \u00e8 solo un asciugamano: \u00e8 una tela che pu\u00f2 indossare, un pezzo dell'espressione astratta tipica di MJ che trasforma ogni giornata in spiaggia in una dichiarazione di stile.<\/p>\n<p>\u2728 Perch\u00e9 la amer\u00e0:<\/p>\n<p>Design originale di MJ - Ispirato all'arte astratta contemporanea, ogni tratto porta con s\u00e9 emozione ed energia.<\/p>\n<p>Colori vibranti e resistenti allo sbiadimento - La sua arte rimane audace come la sua personalit\u00e0, stagione dopo stagione.<\/p>\n<p>Morbido e assorbente - La lussuosa miscela di microfibre si sente come un dolce abbraccio dopo una nuotata.<\/p>\n<p>Leggero e ad asciugatura rapida - Perfetto per viaggiare, per rilassarsi a bordo piscina o per una fuga improvvisa dalla spiaggia.<\/p>\n<p>Dimensioni generose - Si lasci avvolgere completamente o condivida con una persona speciale.<\/p>\n<p>? Sia audace. Sia unico. Sia indimenticabile.<br \/>\nChe stia prendendo il sole, nuotando o semplicemente guardando le onde, questo asciugamano dice: io sono l'arte.<\/p>\n<p>- Composizione del tessuto negli Stati Uniti: cotone 52%, poliestere 48%<br \/>\n- Composizione del tessuto in EU: 50% cotone, 50% poliestere<br \/>\n- Peso del tessuto negli Stati Uniti: 10,6 oz.\/yd.\u00b2 (360 g\/m\u00b2)<br \/>\n- Peso del tessuto in EU: 11,8 oz.\/yd.\u00b2 (400 g\/m\u00b2)<br \/>\n- Dimensioni: 30\u2033 \u00d7 60\u2033 \u00d7 0,28\u2033 (76 \u00d7 152 \u00d7 0,7 cm)<br \/>\n- Stampato solo su un lato<br \/>\n- Il lato non stampato \u00e8 realizzato in tessuto di spugna, rendendo l'asciugamano pi\u00f9 assorbente.<br \/>\n- Prodotto vuoto proveniente dalla Cina<\/p>","protected":false},"excerpt":{"rendered":"<p>Wrap yourself in art. This isn\u2019t just a towel \u2014 it\u2019s a canvas you can wear, a piece of MJ\u2019s&#8230;<\/p>","protected":false},"featured_media":3463,"comment_status":"open","ping_status":"closed","template":"","meta":[],"product_brand":[],"product_cat":[396,395],"product_tag":[],"class_list":{"0":"post-3462","1":"product","2":"type-product","3":"status-publish","4":"has-post-thumbnail","6":"product_cat-artistic-beachwear-for-women","7":"product_cat-abstract-art-beach-and-bath-towels","9":"first","10":"instock","11":"taxable","12":"shipping-taxable","13":"purchasable","14":"product-type-simple"},"_links":{"self":[{"href":"https:\/\/mamtajhariaart.com\/it\/wp-json\/wp\/v2\/product\/3462","targetHints":{"allow":["GET"]}}],"collection":[{"href":"https:\/\/mamtajhariaart.com\/it\/wp-json\/wp\/v2\/product"}],"about":[{"href":"https:\/\/mamtajhariaart.com\/it\/wp-json\/wp\/v2\/types\/product"}],"replies":[{"embeddable":true,"href":"https:\/\/mamtajhariaart.com\/it\/wp-json\/wp\/v2\/comments?post=3462"}],"wp:featuredmedia":[{"embeddable":true,"href":"https:\/\/mamtajhariaart.com\/it\/wp-json\/wp\/v2\/media\/3463"}],"wp:attachment":[{"href":"https:\/\/mamtajhariaart.com\/it\/wp-json\/wp\/v2\/media?parent=3462"}],"wp:term":[{"taxonomy":"product_brand","embeddable":true,"href":"https:\/\/mamtajhariaart.com\/it\/wp-json\/wp\/v2\/product_brand?post=3462"},{"taxonomy":"product_cat","embeddable":true,"href":"https:\/\/mamtajhariaart.com\/it\/wp-json\/wp\/v2\/product_cat?post=3462"},{"taxonomy":"product_tag","embeddable":true,"href":"https:\/\/mamtajhariaart.com\/it\/wp-json\/wp\/v2\/product_tag?post=3462"}],"curies":[{"name":"wp","href":"https:\/\/api.w.org\/{rel}","templated":true}]}}