{"id":3470,"date":"2025-08-11T23:00:43","date_gmt":"2025-08-11T21:00:43","guid":{"rendered":"https:\/\/mamtajhariaart.com\/product\/towel-4\/"},"modified":"2026-03-04T23:39:17","modified_gmt":"2026-03-04T22:39:17","slug":"towel-4","status":"publish","type":"product","link":"https:\/\/mamtajhariaart.com\/it\/prodotto\/towel-4\/","title":{"rendered":"Asciugamano da spiaggia di lusso con arte astratta - \"Ocean Dreams\" di MJ | Grande, morbido, ad asciugatura rapida"},"content":{"rendered":"<p>Trasformi ogni giornata in spiaggia in una mostra d'arte con l'asciugamano da spiaggia Ocean Dreams Luxury Abstract Art di MJ. Caratterizzato dalle pennellate fluide di MJ in blu, oro e tonalit\u00e0 della terra, questo esclusivo asciugamano di design cattura la bellezza rilassante dell'oceano e il calore del sole.<\/p>\n<p>Realizzato in un pregiato misto cotone-poliestere (US: 52% cotone, 48% poliestere | EU: 50% cotone, 50% poliestere), \u00e8 eccezionalmente morbido, assorbente, ad asciugatura rapida e resistente alla sabbia. Perfetto per la spiaggia, il relax a bordo piscina, le giornate nella spa o per aggiungere un tocco di colore alla sua casa.<\/p>\n<p>Caratteristiche:<\/p>\n<p>Esclusivo design artistico astratto MJ - Un pezzo forte per la sua estate<\/p>\n<p>Miscela di cotone e poliestere, morbida e resistente<\/p>\n<p>Asciugatura rapida, resistenza alla sabbia e qualit\u00e0 di stampa vibrante<\/p>\n<p>Dimensioni grandi: 76 \u00d7 152 cm (30\u2033 \u00d7 60\u2033) per il massimo comfort.<\/p>\n<p>Prodotto eticamente su richiesta - Niente sprechi, solo puro stile<\/p>\n<p>Per prendere il sole, nuotare o regalare qualcosa di unico, Ocean Dreams \u00e8 pi\u00f9 di un asciugamano: \u00e8 un'opera d'arte portatile pronta per la sua prossima avventura.<\/p>\n<p>- Composizione del tessuto negli Stati Uniti: cotone 52%, poliestere 48%<br \/>\n- Composizione del tessuto in EU: 50% cotone, 50% poliestere<br \/>\n- Peso del tessuto negli Stati Uniti: 10,6 oz.\/yd.\u00b2 (360 g\/m\u00b2)<br \/>\n- Peso del tessuto in EU: 11,8 oz.\/yd.\u00b2 (400 g\/m\u00b2)<br \/>\n- Dimensioni: 30\u2033 \u00d7 60\u2033 \u00d7 0,28\u2033 (76 \u00d7 152 \u00d7 0,7 cm)<br \/>\n- Stampato solo su un lato<br \/>\n- Il lato non stampato \u00e8 realizzato in tessuto di spugna, rendendo l'asciugamano pi\u00f9 assorbente.<br \/>\n- Prodotto vuoto proveniente dalla Cina<\/p>","protected":false},"excerpt":{"rendered":"<p>Turn every beach day into an art exhibition with the Ocean Dreams Luxury Abstract Art Beach Towel by MJ. Featuring&#8230;<\/p>","protected":false},"featured_media":3471,"comment_status":"open","ping_status":"closed","template":"","meta":[],"product_brand":[],"product_cat":[396,395],"product_tag":[],"class_list":{"0":"post-3470","1":"product","2":"type-product","3":"status-publish","4":"has-post-thumbnail","6":"product_cat-artistic-beachwear-for-women","7":"product_cat-abstract-art-beach-and-bath-towels","9":"first","10":"instock","11":"taxable","12":"shipping-taxable","13":"purchasable","14":"product-type-simple"},"_links":{"self":[{"href":"https:\/\/mamtajhariaart.com\/it\/wp-json\/wp\/v2\/product\/3470","targetHints":{"allow":["GET"]}}],"collection":[{"href":"https:\/\/mamtajhariaart.com\/it\/wp-json\/wp\/v2\/product"}],"about":[{"href":"https:\/\/mamtajhariaart.com\/it\/wp-json\/wp\/v2\/types\/product"}],"replies":[{"embeddable":true,"href":"https:\/\/mamtajhariaart.com\/it\/wp-json\/wp\/v2\/comments?post=3470"}],"wp:featuredmedia":[{"embeddable":true,"href":"https:\/\/mamtajhariaart.com\/it\/wp-json\/wp\/v2\/media\/3471"}],"wp:attachment":[{"href":"https:\/\/mamtajhariaart.com\/it\/wp-json\/wp\/v2\/media?parent=3470"}],"wp:term":[{"taxonomy":"product_brand","embeddable":true,"href":"https:\/\/mamtajhariaart.com\/it\/wp-json\/wp\/v2\/product_brand?post=3470"},{"taxonomy":"product_cat","embeddable":true,"href":"https:\/\/mamtajhariaart.com\/it\/wp-json\/wp\/v2\/product_cat?post=3470"},{"taxonomy":"product_tag","embeddable":true,"href":"https:\/\/mamtajhariaart.com\/it\/wp-json\/wp\/v2\/product_tag?post=3470"}],"curies":[{"name":"wp","href":"https:\/\/api.w.org\/{rel}","templated":true}]}}