{"id":3475,"date":"2025-08-11T23:26:52","date_gmt":"2025-08-11T21:26:52","guid":{"rendered":"https:\/\/mamtajhariaart.com\/product\/towel-5\/"},"modified":"2026-03-04T23:39:17","modified_gmt":"2026-03-04T22:39:17","slug":"towel-5","status":"publish","type":"product","link":"https:\/\/mamtajhariaart.com\/it\/prodotto\/towel-5\/","title":{"rendered":"Asciugamano MJ Art Bloom - Si avvolga in un capolavoro"},"content":{"rendered":"<p>Trasformi ogni giorno di spiaggia o bagno in una lussuosa esperienza artistica con l'asciugamano MJ Art Bloom.<br \/>\nCaratterizzato da vibranti fiori astratti della collezione esclusiva di Mamta Jharia, questo asciugamano \u00e8 pi\u00f9 di un semplice tessuto: \u00e8 un'arte da indossare che parla alla sua anima.<\/p>\n<p>\u2728 Perch\u00e9 si innamorer\u00e0:<\/p>\n<p>Opera d'arte firmata MJ - Originale disegno floreale astratto, ricco di colore e significato.<\/p>\n<p>Morbidissimo e accogliente - Miscela di cotone e polietilene perfettamente bilanciata per il comfort e la durata.<\/p>\n<p>Asciugatura rapida e leggerezza - Ideale per la spiaggia, la piscina, la palestra o i viaggi.<\/p>\n<p>Stampe resistenti allo sbiadimento - Colori vivaci che rimangono belli lavaggio dopo lavaggio.<\/p>\n<p>Dimensioni generose (30\" x 60\") - C'\u00e8 molto spazio per avvolgersi, rilassarsi o stendersi con stile.<\/p>\n<p>? Ovunque vada, lasci che il suo asciugamano racconti la sua storia - audace, vibrante, indimenticabile.<br \/>\nQuesto non \u00e8 solo un asciugamano... \u00e8 la sua tela personale.<\/p>\n<p>- Composizione del tessuto negli Stati Uniti: cotone 52%, poliestere 48%<br \/>\n- Composizione del tessuto in EU: 50% cotone, 50% poliestere<br \/>\n- Peso del tessuto negli Stati Uniti: 10,6 oz.\/yd.\u00b2 (360 g\/m\u00b2)<br \/>\n- Peso del tessuto in EU: 11,8 oz.\/yd.\u00b2 (400 g\/m\u00b2)<br \/>\n- Dimensioni: 30\u2033 \u00d7 60\u2033 \u00d7 0,28\u2033 (76 \u00d7 152 \u00d7 0,7 cm)<br \/>\n- Stampato solo su un lato<br \/>\n- Il lato non stampato \u00e8 realizzato in tessuto di spugna, rendendo l'asciugamano pi\u00f9 assorbente.<br \/>\n- Prodotto vuoto proveniente dalla Cina<\/p>","protected":false},"excerpt":{"rendered":"<p>Turn every beach day or bath into a luxurious art experience with the MJ Art Bloom Towel. Featuring vibrant abstract&#8230;<\/p>","protected":false},"featured_media":3476,"comment_status":"open","ping_status":"closed","template":"","meta":[],"product_brand":[],"product_cat":[396,395],"product_tag":[],"class_list":{"0":"post-3475","1":"product","2":"type-product","3":"status-publish","4":"has-post-thumbnail","6":"product_cat-artistic-beachwear-for-women","7":"product_cat-abstract-art-beach-and-bath-towels","9":"first","10":"instock","11":"taxable","12":"shipping-taxable","13":"purchasable","14":"product-type-simple"},"_links":{"self":[{"href":"https:\/\/mamtajhariaart.com\/it\/wp-json\/wp\/v2\/product\/3475","targetHints":{"allow":["GET"]}}],"collection":[{"href":"https:\/\/mamtajhariaart.com\/it\/wp-json\/wp\/v2\/product"}],"about":[{"href":"https:\/\/mamtajhariaart.com\/it\/wp-json\/wp\/v2\/types\/product"}],"replies":[{"embeddable":true,"href":"https:\/\/mamtajhariaart.com\/it\/wp-json\/wp\/v2\/comments?post=3475"}],"wp:featuredmedia":[{"embeddable":true,"href":"https:\/\/mamtajhariaart.com\/it\/wp-json\/wp\/v2\/media\/3476"}],"wp:attachment":[{"href":"https:\/\/mamtajhariaart.com\/it\/wp-json\/wp\/v2\/media?parent=3475"}],"wp:term":[{"taxonomy":"product_brand","embeddable":true,"href":"https:\/\/mamtajhariaart.com\/it\/wp-json\/wp\/v2\/product_brand?post=3475"},{"taxonomy":"product_cat","embeddable":true,"href":"https:\/\/mamtajhariaart.com\/it\/wp-json\/wp\/v2\/product_cat?post=3475"},{"taxonomy":"product_tag","embeddable":true,"href":"https:\/\/mamtajhariaart.com\/it\/wp-json\/wp\/v2\/product_tag?post=3475"}],"curies":[{"name":"wp","href":"https:\/\/api.w.org\/{rel}","templated":true}]}}