{"id":3487,"date":"2025-08-11T23:54:00","date_gmt":"2025-08-11T21:54:00","guid":{"rendered":"https:\/\/mamtajhariaart.com\/product\/towel-7\/"},"modified":"2026-03-04T23:39:17","modified_gmt":"2026-03-04T22:39:17","slug":"towel-7","status":"publish","type":"product","link":"https:\/\/mamtajhariaart.com\/it\/prodotto\/towel-7\/","title":{"rendered":"\"Ocean Muse\" - Asciugamano artistico da spiaggia e spa di MJ"},"content":{"rendered":"<p>Si avvolga di arte ovunque vada. L'asciugamano Ocean Muse trasforma le sue giornate in spiaggia, i suoi momenti di benessere o le sue accoglienti serate a casa in una dichiarazione di stile e di individualit\u00e0. Caratterizzato da un originale disegno astratto di MJ, ogni pennellata porta con s\u00e9 l'anima dell'arte moderna e il ritmo del mare.<\/p>\n<p>Miscela premium: cotone 52% e poliestere 48% (USA) \/ cotone 50% e poliestere 50% (UE) per una morbidezza, un'assorbenza e una vibrazione durature.<\/p>\n<p>Dimensioni generose: 30\u2033 \u00d7 60\u2033 (76 \u00d7 152 cm) - perfetto per sdraiarsi, asciugarsi o fare una dichiarazione audace a bordo piscina.<\/p>\n<p>Lusso leggero: peso del tessuto di 360-400 g\/m\u00b2 per un comfort senza ingombro.<\/p>\n<p>Produzione sostenibile on-demand: realizzata solo per lei, riducendo gli sprechi e la sovrapproduzione.<\/p>\n<p>? Pi\u00f9 che un asciugamano, \u00e8 un'arte da indossare. Porta il mondo di colori e creativit\u00e0 di MJ nella sua vita di tutti i giorni.<\/p>\n<p>- Composizione del tessuto negli Stati Uniti: cotone 52%, poliestere 48%<br \/>\n- Composizione del tessuto in EU: 50% cotone, 50% poliestere<br \/>\n- Peso del tessuto negli Stati Uniti: 10,6 oz.\/yd.\u00b2 (360 g\/m\u00b2)<br \/>\n- Peso del tessuto in EU: 11,8 oz.\/yd.\u00b2 (400 g\/m\u00b2)<br \/>\n- Dimensioni: 30\u2033 \u00d7 60\u2033 \u00d7 0,28\u2033 (76 \u00d7 152 \u00d7 0,7 cm)<br \/>\n- Stampato solo su un lato<br \/>\n- Il lato non stampato \u00e8 realizzato in tessuto di spugna, rendendo l'asciugamano pi\u00f9 assorbente.<br \/>\n- Prodotto vuoto proveniente dalla Cina<\/p>","protected":false},"excerpt":{"rendered":"<p>Wrap yourself in art wherever you go. The Ocean Muse towel transforms your beach days, spa moments, or cozy evenings&#8230;<\/p>","protected":false},"featured_media":3488,"comment_status":"open","ping_status":"closed","template":"","meta":[],"product_brand":[],"product_cat":[396,395],"product_tag":[],"class_list":{"0":"post-3487","1":"product","2":"type-product","3":"status-publish","4":"has-post-thumbnail","6":"product_cat-artistic-beachwear-for-women","7":"product_cat-abstract-art-beach-and-bath-towels","9":"first","10":"instock","11":"taxable","12":"shipping-taxable","13":"purchasable","14":"product-type-simple"},"_links":{"self":[{"href":"https:\/\/mamtajhariaart.com\/it\/wp-json\/wp\/v2\/product\/3487","targetHints":{"allow":["GET"]}}],"collection":[{"href":"https:\/\/mamtajhariaart.com\/it\/wp-json\/wp\/v2\/product"}],"about":[{"href":"https:\/\/mamtajhariaart.com\/it\/wp-json\/wp\/v2\/types\/product"}],"replies":[{"embeddable":true,"href":"https:\/\/mamtajhariaart.com\/it\/wp-json\/wp\/v2\/comments?post=3487"}],"wp:featuredmedia":[{"embeddable":true,"href":"https:\/\/mamtajhariaart.com\/it\/wp-json\/wp\/v2\/media\/3488"}],"wp:attachment":[{"href":"https:\/\/mamtajhariaart.com\/it\/wp-json\/wp\/v2\/media?parent=3487"}],"wp:term":[{"taxonomy":"product_brand","embeddable":true,"href":"https:\/\/mamtajhariaart.com\/it\/wp-json\/wp\/v2\/product_brand?post=3487"},{"taxonomy":"product_cat","embeddable":true,"href":"https:\/\/mamtajhariaart.com\/it\/wp-json\/wp\/v2\/product_cat?post=3487"},{"taxonomy":"product_tag","embeddable":true,"href":"https:\/\/mamtajhariaart.com\/it\/wp-json\/wp\/v2\/product_tag?post=3487"}],"curies":[{"name":"wp","href":"https:\/\/api.w.org\/{rel}","templated":true}]}}