{"id":4737,"date":"2025-08-17T02:25:52","date_gmt":"2025-08-17T00:25:52","guid":{"rendered":"https:\/\/mamtajhariaart.com\/product\/unisex-premium-sweatshirt-8\/"},"modified":"2026-03-04T23:39:10","modified_gmt":"2026-03-04T22:39:10","slug":"unisex-premium-sweatshirt-8","status":"publish","type":"product","link":"https:\/\/mamtajhariaart.com\/it\/prodotto\/unisex-premium-sweatshirt-8\/","title":{"rendered":"Felpa Premium unisex"},"content":{"rendered":"<p>Sfoggia una classica silhouette da felpa con girocollo a coste, polsini delle maniche lunghe e orlo piatto. La metta a strati o la indossi da sola per un look streetwear contemporaneo. Con l'interno in morbido pile e la vestibilit\u00e0 comoda, diventer\u00e0 sicuramente il suo maglione preferito di tutti i giorni!<\/p>\n<p>- 100% faccia di cotone<br \/>\n- 65% cotone, 35% poliestere<br \/>\n- Charcoal Heather \u00e8 in cotone 55%, in poliestere 45%.<br \/>\n- Peso del tessuto: 8,5 oz\/y\u00b2 (288,2 g\/m\u00b2)<br \/>\n- Pile a 3 capi a maglia stretta <br \/>\n- Costruzione con cuciture laterali<br \/>\n- Toppa in tessuto autoadesivo sul retro<br \/>\n- Colletto, polsini e orlo a costine con doppio ago.<br \/>\n- Prodotto vuoto proveniente dal Pakistan<\/p>\n<p>Disclaimer: questa felpa \u00e8 di taglia piccola. Per una vestibilit\u00e0 perfetta, le consigliamo di ordinare una taglia in pi\u00f9 rispetto alla sua taglia abituale.<\/p>","protected":false},"excerpt":{"rendered":"<p>Rock a classic sweatshirt silhouette with ribbed crew neck, long sleeve cuffs, and a flat hem. Layer it up or&#8230;<\/p>","protected":false},"featured_media":4762,"comment_status":"open","ping_status":"closed","template":"","meta":[],"product_brand":[],"product_cat":[15],"product_tag":[],"class_list":{"0":"post-4737","1":"product","2":"type-product","3":"status-publish","4":"has-post-thumbnail","6":"product_cat-modern-art-prints","7":"pa_color-black","8":"pa_color-forest-green","9":"pa_color-navy-blazer","10":"pa_color-vintage-black","11":"pa_size-2xl","12":"pa_size-3xl","13":"pa_size-l","14":"pa_size-m","15":"pa_size-s","16":"pa_size-xl","18":"first","19":"instock","20":"taxable","21":"shipping-taxable","22":"purchasable","23":"product-type-variable"},"_links":{"self":[{"href":"https:\/\/mamtajhariaart.com\/it\/wp-json\/wp\/v2\/product\/4737","targetHints":{"allow":["GET"]}}],"collection":[{"href":"https:\/\/mamtajhariaart.com\/it\/wp-json\/wp\/v2\/product"}],"about":[{"href":"https:\/\/mamtajhariaart.com\/it\/wp-json\/wp\/v2\/types\/product"}],"replies":[{"embeddable":true,"href":"https:\/\/mamtajhariaart.com\/it\/wp-json\/wp\/v2\/comments?post=4737"}],"wp:featuredmedia":[{"embeddable":true,"href":"https:\/\/mamtajhariaart.com\/it\/wp-json\/wp\/v2\/media\/4762"}],"wp:attachment":[{"href":"https:\/\/mamtajhariaart.com\/it\/wp-json\/wp\/v2\/media?parent=4737"}],"wp:term":[{"taxonomy":"product_brand","embeddable":true,"href":"https:\/\/mamtajhariaart.com\/it\/wp-json\/wp\/v2\/product_brand?post=4737"},{"taxonomy":"product_cat","embeddable":true,"href":"https:\/\/mamtajhariaart.com\/it\/wp-json\/wp\/v2\/product_cat?post=4737"},{"taxonomy":"product_tag","embeddable":true,"href":"https:\/\/mamtajhariaart.com\/it\/wp-json\/wp\/v2\/product_tag?post=4737"}],"curies":[{"name":"wp","href":"https:\/\/api.w.org\/{rel}","templated":true}]}}